{"id":1862,"date":"2018-04-24T08:58:25","date_gmt":"2018-04-24T08:58:25","guid":{"rendered":"http:\/\/neograf.webpoint.com.hr\/?page_id=1862"},"modified":"2025-02-21T13:29:56","modified_gmt":"2025-02-21T13:29:56","slug":"kvaliteta","status":"publish","type":"page","link":"https:\/\/neograf.hr\/hr\/kvaliteta\/","title":{"rendered":"Kvaliteta"},"content":{"rendered":"<div class=\"wpb-content-wrapper\"><p>[vc_row type=&#8221;vc_default&#8221; margin_top=&#8221;60&#8243; margin_bottom=&#8221;-40&#8243; css=&#8221;.vc_custom_1524561841411{padding-top: 90px !important;}&#8221;][vc_column width=&#8221;1\/6&#8243; css=&#8221;.vc_custom_1490364540235{padding-bottom: 80px !important;}&#8221;][\/vc_column][vc_column width=&#8221;2\/3&#8243;][vc_column_text css=&#8221;.vc_custom_1524048387486{margin-bottom: 0px !important;border-bottom-width: 0px !important;padding-bottom: 10px !important;}&#8221;]<\/p>\n<h2 style=\"text-align: center;\">N E O G R A F<\/h2>\n<p>[\/vc_column_text]<div id=\"ultimate-heading-906569e30f9c652f0\" class=\"uvc-heading ult-adjust-bottom-margin ultimate-heading-906569e30f9c652f0 uvc-9656 accent-border-color uvc-heading-default-font-sizes\" data-hspacer=\"no_spacer\"  data-halign=\"center\" style=\"text-align:center\"><div class=\"uvc-heading-spacer no_spacer\" style=\"top\"><\/div><div class=\"uvc-main-heading ult-responsive\"  data-ultimate-target='.uvc-heading.ultimate-heading-906569e30f9c652f0 h1'  data-responsive-json-new='{\"font-size\":\"\",\"line-height\":\"\"}' ><h1 style=\"font-weight:bold;margin-bottom:60px;\">KVALITETA<\/h1><\/div><div class=\"uvc-sub-heading ult-responsive\"  data-ultimate-target='.uvc-heading.ultimate-heading-906569e30f9c652f0 .uvc-sub-heading '  data-responsive-json-new='{\"font-size\":\"desktop:16px;\",\"line-height\":\"desktop:25px;\"}'  style=\"font-weight:normal;\">Zadovoljstvo na\u0161ih klijenata na prvom nam je mjestu. U Neografu vjerujemo da je ulaganje u kvalitetu klju\u010d uspjeha i zato nastojimo kvalitetu ugraditi u svaku fazu realizacije proizvoda. Za osiguranje i kontrolu kvalitete odgovorne su organizacijske jedinice neovisne od proizvodnje. Procesi sukladni smjernicama Dobre proizvo\u0111a\u010dke prakse i neprekidno usavr\u0161avanje osiguravaju konstantnu razinu kvalitete proizvoda i usluga te Va\u0161u bezbri\u017enost prilikom pakiranja Va\u0161ih proizvoda.<\/div><\/div>[\/vc_column][vc_column width=&#8221;1\/6&#8243;][\/vc_column][\/vc_row][vc_row type=&#8221;vc_default&#8221; margin_top=&#8221;60&#8243; margin_bottom=&#8221;-40&#8243; css=&#8221;.vc_custom_1524562930439{margin-bottom: -40px !important;padding-top: 70px !important;}&#8221;][vc_column css=&#8221;.vc_custom_1490364540235{padding-bottom: 80px !important;}&#8221;][vc_text_separator title=&#8221;UPRAVLJANJE KVALITETOM TEMELJIMO NA&#8221; border_width=&#8221;2&#8243; el_class=&#8221;headline_1&#8243;][\/vc_column][\/vc_row][vc_row css=&#8221;.vc_custom_1524562919453{margin-top: -40px !important;margin-bottom: 90px !important;}&#8221;][vc_column width=&#8221;1\/2&#8243;]<div class=\"aio-icon-component  vc_custom_1553077241505  accent-icon-color style_1\"><div id=\"Info-box-wrap-7533\" class=\"aio-icon-box left-icon\" style=\"\"  ><div class=\"aio-icon-left\"><div class=\"ult-just-icon-wrapper  \"><div class=\"align-icon\" style=\"text-align:center;\">\n<div class=\"aio-icon none \"  style=\"font-size:32px;display:inline-block;\">\n\t<i class=\"icomoon-numbers-32x32-number\"><\/i>\n<\/div><\/div><\/div><\/div><div class=\"aio-ibd-block\"><div class=\"aio-icon-header\" ><h3 class=\"aio-icon-title ult-responsive\"  data-ultimate-target='#Info-box-wrap-7533 .aio-icon-title'  data-responsive-json-new='{\"font-size\":\"\",\"line-height\":\"\"}'  style=\"\">PROCESNOM PRISTUPU<\/h3><\/div> <!-- header --><div class=\"aio-icon-description ult-responsive\"  data-ultimate-target='#Info-box-wrap-7533 .aio-icon-description'  data-responsive-json-new='{\"font-size\":\"\",\"line-height\":\"\"}'  style=\"\">Pprocesnim pristupom osiguravamo u\u010dinkovito upravljanje resursima i proizvodnim aktivnostima<\/div> <!-- description --><\/div> <!-- aio-ibd-block --><\/div> <!-- aio-icon-box --><\/div> <!-- aio-icon-component --><div class=\"aio-icon-component  vc_custom_1553077249301  accent-icon-color style_1\"><div id=\"Info-box-wrap-2150\" class=\"aio-icon-box left-icon\" style=\"\"  ><div class=\"aio-icon-left\"><div class=\"ult-just-icon-wrapper  \"><div class=\"align-icon\" style=\"text-align:center;\">\n<div class=\"aio-icon none \"  style=\"font-size:32px;display:inline-block;\">\n\t<i class=\"icomoon-numbers-32x32-number2\"><\/i>\n<\/div><\/div><\/div><\/div><div class=\"aio-ibd-block\"><div class=\"aio-icon-header\" ><h3 class=\"aio-icon-title ult-responsive\"  data-ultimate-target='#Info-box-wrap-2150 .aio-icon-title'  data-responsive-json-new='{\"font-size\":\"\",\"line-height\":\"\"}'  style=\"\">LJUDIMA<\/h3><\/div> <!-- header --><div class=\"aio-icon-description ult-responsive\"  data-ultimate-target='#Info-box-wrap-2150 .aio-icon-description'  data-responsive-json-new='{\"font-size\":\"\",\"line-height\":\"\"}'  style=\"\">Ljudi su glavni resurs svakog uspje\u0161nog poduze\u0107a stoga mi u Neografu na\u0161 uspjeh temeljimo na kompetentnim i motiviranim mladim ljudima<\/div> <!-- description --><\/div> <!-- aio-ibd-block --><\/div> <!-- aio-icon-box --><\/div> <!-- aio-icon-component --><div class=\"aio-icon-component  vc_custom_1553077256320  accent-icon-color style_1\"><div id=\"Info-box-wrap-2966\" class=\"aio-icon-box left-icon\" style=\"\"  ><div class=\"aio-icon-left\"><div class=\"ult-just-icon-wrapper  \"><div class=\"align-icon\" style=\"text-align:center;\">\n<div class=\"aio-icon none \"  style=\"font-size:32px;display:inline-block;\">\n\t<i class=\"icomoon-numbers-32x32-number3\"><\/i>\n<\/div><\/div><\/div><\/div><div class=\"aio-ibd-block\"><div class=\"aio-icon-header\" ><h3 class=\"aio-icon-title ult-responsive\"  data-ultimate-target='#Info-box-wrap-2966 .aio-icon-title'  data-responsive-json-new='{\"font-size\":\"\",\"line-height\":\"\"}'  style=\"\">TEHNOLOGIJI<\/h3><\/div> <!-- header --><div class=\"aio-icon-description ult-responsive\"  data-ultimate-target='#Info-box-wrap-2966 .aio-icon-description'  data-responsive-json-new='{\"font-size\":\"\",\"line-height\":\"\"}'  style=\"\">U svim proizvodnim fazama koristimo vrhunske, provjerene strojeve, kao i opremu za procesnu kontrolu<\/div> <!-- description --><\/div> <!-- aio-ibd-block --><\/div> <!-- aio-icon-box --><\/div> <!-- aio-icon-component -->[\/vc_column][vc_column width=&#8221;1\/2&#8243;]<div class=\"aio-icon-component  vc_custom_1553077263676  accent-icon-color style_1\"><div id=\"Info-box-wrap-1355\" class=\"aio-icon-box left-icon\" style=\"\"  ><div class=\"aio-icon-left\"><div class=\"ult-just-icon-wrapper  \"><div class=\"align-icon\" style=\"text-align:center;\">\n<div class=\"aio-icon none \"  style=\"font-size:32px;display:inline-block;\">\n\t<i class=\"icomoon-numbers-32x32-number4\"><\/i>\n<\/div><\/div><\/div><\/div><div class=\"aio-ibd-block\"><div class=\"aio-icon-header\" ><h3 class=\"aio-icon-title ult-responsive\"  data-ultimate-target='#Info-box-wrap-1355 .aio-icon-title'  data-responsive-json-new='{\"font-size\":\"\",\"line-height\":\"\"}'  style=\"\">STALNOM POBOLJ\u0160ANJU<\/h3><\/div> <!-- header --><div class=\"aio-icon-description ult-responsive\"  data-ultimate-target='#Info-box-wrap-1355 .aio-icon-description'  data-responsive-json-new='{\"font-size\":\"\",\"line-height\":\"\"}'  style=\"\">Konstantno ula\u017eemo u nova znanja i tehnologije iz podru\u010dja osiguranja i kontrole kvalitete, tiska i dorade<\/div> <!-- description --><\/div> <!-- aio-ibd-block --><\/div> <!-- aio-icon-box --><\/div> <!-- aio-icon-component --><div class=\"aio-icon-component  vc_custom_1553077270281  accent-icon-color style_1\"><div id=\"Info-box-wrap-4077\" class=\"aio-icon-box left-icon\" style=\"\"  ><div class=\"aio-icon-left\"><div class=\"ult-just-icon-wrapper  \"><div class=\"align-icon\" style=\"text-align:center;\">\n<div class=\"aio-icon none \"  style=\"font-size:32px;display:inline-block;\">\n\t<i class=\"icomoon-numbers-32x32-number5\"><\/i>\n<\/div><\/div><\/div><\/div><div class=\"aio-ibd-block\"><div class=\"aio-icon-header\" ><h3 class=\"aio-icon-title ult-responsive\"  data-ultimate-target='#Info-box-wrap-4077 .aio-icon-title'  data-responsive-json-new='{\"font-size\":\"\",\"line-height\":\"\"}'  style=\"\">PREVENCIJI GRE\u0160AKA<\/h3><\/div> <!-- header --><div class=\"aio-icon-description ult-responsive\"  data-ultimate-target='#Info-box-wrap-4077 .aio-icon-description'  data-responsive-json-new='{\"font-size\":\"\",\"line-height\":\"\"}'  style=\"\">Gre\u0161ke nastojimo ukloniti prije nego se dogode, a ne ih samo ispravljati<\/div> <!-- description --><\/div> <!-- aio-ibd-block --><\/div> <!-- aio-icon-box --><\/div> <!-- aio-icon-component --><div class=\"aio-icon-component  vc_custom_1553077276423  accent-icon-color style_1\"><div id=\"Info-box-wrap-4960\" class=\"aio-icon-box left-icon\" style=\"\"  ><div class=\"aio-icon-left\"><div class=\"ult-just-icon-wrapper  \"><div class=\"align-icon\" style=\"text-align:center;\">\n<div class=\"aio-icon none \"  style=\"font-size:32px;display:inline-block;\">\n\t<i class=\"icomoon-numbers-32x32-number6\"><\/i>\n<\/div><\/div><\/div><\/div><div class=\"aio-ibd-block\"><div class=\"aio-icon-header\" ><h3 class=\"aio-icon-title ult-responsive\"  data-ultimate-target='#Info-box-wrap-4960 .aio-icon-title'  data-responsive-json-new='{\"font-size\":\"\",\"line-height\":\"\"}'  style=\"\">DOKUMENTACIJI<\/h3><\/div> <!-- header --><div class=\"aio-icon-description ult-responsive\"  data-ultimate-target='#Info-box-wrap-4960 .aio-icon-description'  data-responsive-json-new='{\"font-size\":\"\",\"line-height\":\"\"}'  style=\"\"><span lang=\"HR\">Sljedivost je osigurana od ulaza materijala do gotovog proizvoda, a svi procesi dokumentirani<\/span><\/div> <!-- description --><\/div> <!-- aio-ibd-block --><\/div> <!-- aio-icon-box --><\/div> <!-- aio-icon-component -->[\/vc_column][\/vc_row][vc_row bg_type=&#8221;bg_color&#8221; bg_override=&#8221;full&#8221; seperator_enable=&#8221;seperator_enable_value&#8221; seperator_type=&#8221;circle_svg_seperator&#8221; seperator_svg_height=&#8221;55&#8243; seperator_shape_background=&#8221;#ffffff&#8221; css=&#8221;.vc_custom_1550654668267{padding-top: 100px !important;padding-bottom: 90px !important;}&#8221; bg_color_value=&#8221;#f2f2f2&#8243;][vc_column][vc_text_separator title=&#8221;PREUZMITE PDF&#8221; border_width=&#8221;2&#8243; el_class=&#8221;headline_1&#8243;][vc_empty_space height=&#8221;20px&#8221;][vc_row_inner][vc_column_inner width=&#8221;1\/2&#8243;]<div class=\"aio-icon-component  vc_custom_1715692690758  accent-icon-bg color-title style_3\"><div id=\"Info-box-wrap-8467\" class=\"aio-icon-box left-icon\" style=\"\"  ><div class=\"aio-icon-left\"><div class=\"ult-just-icon-wrapper  \"><div class=\"align-icon\" style=\"text-align:center;\">\n<div class=\"aio-icon advanced \"  style=\"color:#ffffff;border-style:;border-color:#333333;border-width:1px;width:34px;height:34px;line-height:34px;border-radius:500px;font-size:15px;display:inline-block;\">\n\t<i class=\"Defaults-file-pdf-o\"><\/i>\n<\/div><\/div><\/div><\/div><div class=\"aio-ibd-block\"><div class=\"aio-icon-description ult-responsive\"  data-ultimate-target='#Info-box-wrap-8467 .aio-icon-description'  data-responsive-json-new='{\"font-size\":\"desktop:18px;\",\"line-height\":\"desktop:24px;\"}'  style=\"font-family:&#039;Source Sans Pro&#039;;font-weight:700;\"><span style=\"color: #3c3950;\"><a style=\"color: #3c3950;\" href=\"https:\/\/neograf.hr\/wp-content\/uploads\/2024\/05\/PO001-1-Politika-kvalitete-i-okolisa.pdf\" target=\"_blank\" rel=\"noopener noreferrer\">Politika upravljanja kvalitetom i okoli\u0161em<\/a><\/span><\/div> <!-- description --><\/div> <!-- aio-ibd-block --><\/div> <!-- aio-icon-box --><\/div> <!-- aio-icon-component -->[\/vc_column_inner][vc_column_inner width=&#8221;1\/2&#8243;]<div class=\"aio-icon-component  vc_custom_1740144566586  accent-icon-bg color-title style_3\"><div id=\"Info-box-wrap-1149\" class=\"aio-icon-box left-icon\" style=\"\"  ><div class=\"aio-icon-left\"><div class=\"ult-just-icon-wrapper  \"><div class=\"align-icon\" style=\"text-align:center;\">\n<div class=\"aio-icon advanced \"  style=\"color:#ffffff;border-style:;border-color:#333333;border-width:1px;width:34px;height:34px;line-height:34px;border-radius:500px;font-size:15px;display:inline-block;\">\n\t<i class=\"Defaults-file-pdf-o\"><\/i>\n<\/div><\/div><\/div><\/div><div class=\"aio-ibd-block\"><div class=\"aio-icon-description ult-responsive\"  data-ultimate-target='#Info-box-wrap-1149 .aio-icon-description'  data-responsive-json-new='{\"font-size\":\"desktop:18px;\",\"line-height\":\"desktop:24px;\"}'  style=\"font-family:&#039;Source Sans Pro&#039;;font-weight:700;\"><span style=\"color: #3c3950;\"><a style=\"color: #3c3950;\" href=\"https:\/\/neograf.hr\/wp-content\/uploads\/2025\/02\/PO02-2-Politika-FSC\u00ae-1.pdf\" target=\"_blank\" rel=\"noopener noreferrer\">Politika\u00ae FSC<\/a><\/span><\/div> <!-- description --><\/div> <!-- aio-ibd-block --><\/div> <!-- aio-icon-box --><\/div> <!-- aio-icon-component -->[\/vc_column_inner][\/vc_row_inner][\/vc_column][\/vc_row][vc_row full_width=&#8221;stretch_row&#8221; bg_type=&#8221;bg_color&#8221; seperator_enable=&#8221;seperator_enable_value&#8221; seperator_type=&#8221;circle_svg_seperator&#8221; seperator_svg_height=&#8221;50&#8243; seperator_shape_background=&#8221;#f2f2f2&#8243; type=&#8221;vc_default&#8221; css=&#8221;.vc_custom_1553010334974{padding-top: 90px !important;}&#8221; bg_color_value=&#8221;#1f0e25&#8243;][vc_column width=&#8221;1\/6&#8243; css=&#8221;.vc_custom_1490364209546{padding-bottom: 80px !important;}&#8221;][\/vc_column][vc_column width=&#8221;2\/3&#8243;]<div class=\"ult-just-icon-wrapper   vc_custom_1524559464751\"><div class=\"align-icon\" style=\"text-align:center;\">\n<div class=\"aio-icon none \"  style=\"color:#66d6a3;font-size:45px;display:inline-block;\">\n\t<i class=\"icomoon-icomoonfree-16x16-checkmark\"><\/i>\n<\/div><\/div><\/div>[vc_column_text css=&#8221;.vc_custom_1524050238626{margin-bottom: 0px !important;border-bottom-width: 0px !important;padding-bottom: 10px !important;}&#8221;]<\/p>\n<h2 style=\"text-align: center;\"><span style=\"color: #ffffff;\">N E O G R A F<\/span><\/h2>\n<p>[\/vc_column_text]<div id=\"ultimate-heading-825569e30f9c656f0\" class=\"uvc-heading ult-adjust-bottom-margin ultimate-heading-825569e30f9c656f0 uvc-2154 accent-border-color uvc-heading-default-font-sizes\" data-hspacer=\"no_spacer\"  data-halign=\"center\" style=\"text-align:center\"><div class=\"uvc-heading-spacer no_spacer\" style=\"top\"><\/div><div class=\"uvc-main-heading ult-responsive\"  data-ultimate-target='.uvc-heading.ultimate-heading-825569e30f9c656f0 h1'  data-responsive-json-new='{\"font-size\":\"\",\"line-height\":\"\"}' ><h1 style=\"font-weight:bold;color:#ffffff;margin-bottom:60px;\">CERTIFIKATI<\/h1><\/div><\/div>[\/vc_column][vc_column width=&#8221;1\/6&#8243;][\/vc_column][\/vc_row][vc_row full_width=&#8221;stretch_row&#8221; bg_type=&#8221;bg_color&#8221; type=&#8221;vc_default&#8221; css=&#8221;.vc_custom_1553010593657{padding-top: 20px !important;}&#8221; bg_color_value=&#8221;#1f0e25&#8243;][vc_column width=&#8221;1\/2&#8243; css=&#8221;.vc_custom_1526646892885{padding-bottom: 40px !important;}&#8221;][vc_single_image image=&#8221;2018&#8243; img_size=&#8221;320&#215;308&#8243; alignment=&#8221;center&#8221;][\/vc_column][vc_column width=&#8221;1\/2&#8243;][vc_single_image image=&#8221;2019&#8243; img_size=&#8221;320&#215;308&#8243; alignment=&#8221;center&#8221;][\/vc_column][\/vc_row][vc_row full_width=&#8221;stretch_row&#8221; bg_type=&#8221;bg_color&#8221; type=&#8221;vc_default&#8221; bg_color_value=&#8221;#1f0e25&#8243;][vc_column width=&#8221;1\/2&#8243; css=&#8221;.vc_custom_1490364209546{padding-bottom: 80px !important;}&#8221;][vc_single_image image=&#8221;2023&#8243; img_size=&#8221;280&#215;330&#8243; alignment=&#8221;center&#8221;][\/vc_column][vc_column width=&#8221;1\/2&#8243;][vc_single_image image=&#8221;2178&#8243; img_size=&#8221;280&#215;240&#8243; alignment=&#8221;center&#8221; css=&#8221;.vc_custom_1526973106880{margin-top: 20px !important;}&#8221;][\/vc_column][\/vc_row][vc_row full_width=&#8221;stretch_row_content&#8221; bg_type=&#8221;bg_color&#8221; bg_override=&#8221;full&#8221; bg_color_value=&#8221;#1f0e25&#8243;][vc_column][vc_separator color=&#8221;white&#8221; border_width=&#8221;2&#8243;][\/vc_column][\/vc_row]<\/p>\n<\/div>","protected":false},"excerpt":{"rendered":"<p>[vc_row type=&#8221;vc_default&#8221; margin_top=&#8221;60&#8243; margin_bottom=&#8221;-40&#8243; css=&#8221;.vc_custom_1524561841411{padding-top: 90px !important;}&#8221;][vc_column width=&#8221;1\/6&#8243; css=&#8221;.vc_custom_1490364540235{padding-bottom: 80px !important;}&#8221;][\/vc_column][vc_column width=&#8221;2\/3&#8243;][vc_column_text css=&#8221;.vc_custom_1524048387486{margin-bottom: 0px !important;border-bottom-width: 0px !important;padding-bottom: 10px !important;}&#8221;] N E O G R A F [\/vc_column_text][\/vc_column][vc_column width=&#8221;1\/6&#8243;][\/vc_column][\/vc_row][vc_row type=&#8221;vc_default&#8221; margin_top=&#8221;60&#8243; margin_bottom=&#8221;-40&#8243; css=&#8221;.vc_custom_1524562930439{margin-bottom: -40px !important;padding-top: 70px !important;}&#8221;][vc_column css=&#8221;.vc_custom_1490364540235{padding-bottom: 80px !important;}&#8221;][vc_text_separator title=&#8221;UPRAVLJANJE KVALITETOM TEMELJIMO NA&#8221; border_width=&#8221;2&#8243; el_class=&#8221;headline_1&#8243;][\/vc_column][\/vc_row][vc_row css=&#8221;.vc_custom_1524562919453{margin-top: -40px !important;margin-bottom: 90px !important;}&#8221;][vc_column width=&#8221;1\/2&#8243;][\/vc_column][vc_column width=&#8221;1\/2&#8243;][\/vc_column][\/vc_row][vc_row bg_type=&#8221;bg_color&#8221; bg_override=&#8221;full&#8221; seperator_enable=&#8221;seperator_enable_value&#8221;&hellip;<\/p>\n","protected":false},"author":1,"featured_media":0,"parent":0,"menu_order":0,"comment_status":"closed","ping_status":"closed","template":"template-microsite.php","meta":{"footnotes":""},"class_list":["post-1862","page","type-page","status-publish","hentry","description-off"],"yoast_head":"<!-- This site is optimized with the Yoast SEO plugin v26.0 - https:\/\/yoast.com\/wordpress\/plugins\/seo\/ -->\n<title>Kvaliteta - Neograf<\/title>\n<meta name=\"description\" content=\"Vjerujemo da je ulaganje u kvalitetu klju\u010d uspjeha i zato je nastojimo ugraditi u svaku fazu realizacije proizvoda. Va\u0161e nam je zadovoljstvo na 1. mjestu.\" \/>\n<meta name=\"robots\" content=\"index, follow, max-snippet:-1, max-image-preview:large, max-video-preview:-1\" \/>\n<link rel=\"canonical\" href=\"https:\/\/neograf.hr\/kvaliteta\/\" \/>\n<meta property=\"og:locale\" content=\"hr_HR\" \/>\n<meta property=\"og:type\" content=\"article\" \/>\n<meta property=\"og:title\" content=\"[:en]Quality [:hr]Kvaliteta[:] - Neograf\" \/>\n<meta property=\"og:description\" content=\"Vjerujemo da je ulaganje u kvalitetu klju\u010d uspjeha i zato je nastojimo ugraditi u svaku fazu realizacije proizvoda. Va\u0161e nam je zadovoljstvo na 1. mjestu.\" \/>\n<meta property=\"og:url\" content=\"https:\/\/neograf.hr\/kvaliteta\/\" \/>\n<meta property=\"og:site_name\" content=\"Neograf\" \/>\n<meta property=\"article:modified_time\" content=\"2025-02-21T13:29:56+00:00\" \/>\n<meta name=\"twitter:card\" content=\"summary_large_image\" \/>\n<meta name=\"twitter:label1\" content=\"Procijenjeno vrijeme \u010ditanja\" \/>\n\t<meta name=\"twitter:data1\" content=\"4 minute\" \/>\n<script type=\"application\/ld+json\" class=\"yoast-schema-graph\">{\"@context\":\"https:\/\/schema.org\",\"@graph\":[{\"@type\":\"WebPage\",\"@id\":\"https:\/\/neograf.hr\/kvaliteta\/\",\"url\":\"https:\/\/neograf.hr\/kvaliteta\/\",\"name\":\"[:en]Quality [:hr]Kvaliteta[:] - Neograf\",\"isPartOf\":{\"@id\":\"https:\/\/neograf.hr\/#website\"},\"datePublished\":\"2018-04-24T08:58:25+00:00\",\"dateModified\":\"2025-02-21T13:29:56+00:00\",\"description\":\"Vjerujemo da je ulaganje u kvalitetu klju\u010d uspjeha i zato je nastojimo ugraditi u svaku fazu realizacije proizvoda. Va\u0161e nam je zadovoljstvo na 1. mjestu.\",\"breadcrumb\":{\"@id\":\"https:\/\/neograf.hr\/kvaliteta\/#breadcrumb\"},\"inLanguage\":\"hr\",\"potentialAction\":[{\"@type\":\"ReadAction\",\"target\":[\"https:\/\/neograf.hr\/kvaliteta\/\"]}]},{\"@type\":\"BreadcrumbList\",\"@id\":\"https:\/\/neograf.hr\/kvaliteta\/#breadcrumb\",\"itemListElement\":[{\"@type\":\"ListItem\",\"position\":1,\"name\":\"Home\",\"item\":\"https:\/\/neograf.hr\/\"},{\"@type\":\"ListItem\",\"position\":2,\"name\":\"Quality\"}]},{\"@type\":\"WebSite\",\"@id\":\"https:\/\/neograf.hr\/#website\",\"url\":\"https:\/\/neograf.hr\/\",\"name\":\"Neograf\",\"description\":\"Izrada kartonske ambala\u017ee\",\"potentialAction\":[{\"@type\":\"SearchAction\",\"target\":{\"@type\":\"EntryPoint\",\"urlTemplate\":\"https:\/\/neograf.hr\/?s={search_term_string}\"},\"query-input\":{\"@type\":\"PropertyValueSpecification\",\"valueRequired\":true,\"valueName\":\"search_term_string\"}}],\"inLanguage\":\"hr\"}]}<\/script>\n<!-- \/ Yoast SEO plugin. -->","yoast_head_json":{"title":"[:en]Quality [:hr]Kvaliteta[:] - Neograf","description":"Vjerujemo da je ulaganje u kvalitetu klju\u010d uspjeha i zato je nastojimo ugraditi u svaku fazu realizacije proizvoda. Va\u0161e nam je zadovoljstvo na 1. mjestu.","robots":{"index":"index","follow":"follow","max-snippet":"max-snippet:-1","max-image-preview":"max-image-preview:large","max-video-preview":"max-video-preview:-1"},"canonical":"https:\/\/neograf.hr\/kvaliteta\/","og_locale":"hr_HR","og_type":"article","og_title":"[:en]Quality [:hr]Kvaliteta[:] - Neograf","og_description":"Vjerujemo da je ulaganje u kvalitetu klju\u010d uspjeha i zato je nastojimo ugraditi u svaku fazu realizacije proizvoda. Va\u0161e nam je zadovoljstvo na 1. mjestu.","og_url":"https:\/\/neograf.hr\/kvaliteta\/","og_site_name":"Neograf","article_modified_time":"2025-02-21T13:29:56+00:00","twitter_card":"summary_large_image","twitter_misc":{"Procijenjeno vrijeme \u010ditanja":"4 minute"},"schema":{"@context":"https:\/\/schema.org","@graph":[{"@type":"WebPage","@id":"https:\/\/neograf.hr\/kvaliteta\/","url":"https:\/\/neograf.hr\/kvaliteta\/","name":"[:en]Quality [:hr]Kvaliteta[:] - Neograf","isPartOf":{"@id":"https:\/\/neograf.hr\/#website"},"datePublished":"2018-04-24T08:58:25+00:00","dateModified":"2025-02-21T13:29:56+00:00","description":"Vjerujemo da je ulaganje u kvalitetu klju\u010d uspjeha i zato je nastojimo ugraditi u svaku fazu realizacije proizvoda. Va\u0161e nam je zadovoljstvo na 1. mjestu.","breadcrumb":{"@id":"https:\/\/neograf.hr\/kvaliteta\/#breadcrumb"},"inLanguage":"hr","potentialAction":[{"@type":"ReadAction","target":["https:\/\/neograf.hr\/kvaliteta\/"]}]},{"@type":"BreadcrumbList","@id":"https:\/\/neograf.hr\/kvaliteta\/#breadcrumb","itemListElement":[{"@type":"ListItem","position":1,"name":"Home","item":"https:\/\/neograf.hr\/"},{"@type":"ListItem","position":2,"name":"Quality"}]},{"@type":"WebSite","@id":"https:\/\/neograf.hr\/#website","url":"https:\/\/neograf.hr\/","name":"Neograf","description":"Izrada kartonske ambala\u017ee","potentialAction":[{"@type":"SearchAction","target":{"@type":"EntryPoint","urlTemplate":"https:\/\/neograf.hr\/?s={search_term_string}"},"query-input":{"@type":"PropertyValueSpecification","valueRequired":true,"valueName":"search_term_string"}}],"inLanguage":"hr"}]}},"_links":{"self":[{"href":"https:\/\/neograf.hr\/hr\/wp-json\/wp\/v2\/pages\/1862","targetHints":{"allow":["GET"]}}],"collection":[{"href":"https:\/\/neograf.hr\/hr\/wp-json\/wp\/v2\/pages"}],"about":[{"href":"https:\/\/neograf.hr\/hr\/wp-json\/wp\/v2\/types\/page"}],"author":[{"embeddable":true,"href":"https:\/\/neograf.hr\/hr\/wp-json\/wp\/v2\/users\/1"}],"replies":[{"embeddable":true,"href":"https:\/\/neograf.hr\/hr\/wp-json\/wp\/v2\/comments?post=1862"}],"version-history":[{"count":5,"href":"https:\/\/neograf.hr\/hr\/wp-json\/wp\/v2\/pages\/1862\/revisions"}],"predecessor-version":[{"id":2600,"href":"https:\/\/neograf.hr\/hr\/wp-json\/wp\/v2\/pages\/1862\/revisions\/2600"}],"wp:attachment":[{"href":"https:\/\/neograf.hr\/hr\/wp-json\/wp\/v2\/media?parent=1862"}],"curies":[{"name":"wp","href":"https:\/\/api.w.org\/{rel}","templated":true}]}}