{"id":1890,"date":"2018-04-24T11:48:15","date_gmt":"2018-04-24T11:48:15","guid":{"rendered":"http:\/\/neograf.webpoint.com.hr\/?page_id=1890"},"modified":"2025-02-21T12:36:49","modified_gmt":"2025-02-21T12:36:49","slug":"kontakt","status":"publish","type":"page","link":"https:\/\/neograf.hr\/hr\/kontakt\/","title":{"rendered":"Kontakt"},"content":{"rendered":"<div class=\"wpb-content-wrapper\"><p>[vc_row type=&#8221;vc_default&#8221; margin_top=&#8221;0&#8243; margin_bottom=&#8221;-35&#8243; css=&#8221;.vc_custom_1498572765023{margin-top: 70px !important;margin-bottom: 20px !important;}&#8221;][vc_column offset=&#8221;vc_col-lg-6 vc_col-md-7 vc_col-xs-12&#8243; css=&#8221;.vc_custom_1498821716836{padding-bottom: 40px !important;}&#8221;]<div id=\"ultimate-heading-286269e3284ee13ee\" class=\"uvc-heading ult-adjust-bottom-margin ultimate-heading-286269e3284ee13ee uvc-9317 \" data-hspacer=\"no_spacer\"  data-halign=\"left\" style=\"text-align:left\"><div class=\"uvc-heading-spacer no_spacer\" style=\"top\"><\/div><div class=\"uvc-main-heading ult-responsive\"  data-ultimate-target='.uvc-heading.ultimate-heading-286269e3284ee13ee h2'  data-responsive-json-new='{\"font-size\":\"desktop:26px;\",\"line-height\":\"desktop:32px;\"}' ><h2 style=\"font-weight:bold;margin-bottom:30px;\">Kontakt informacije<\/h2><\/div><\/div>[vc_empty_space][vc_row_inner equal_height=&#8221;yes&#8221; css=&#8221;.vc_custom_1498572805259{padding-right: 15px !important;padding-bottom: 10px !important;padding-left: 15px !important;}&#8221;][vc_column_inner width=&#8221;1\/2&#8243; css=&#8221;.vc_custom_1475919323336{margin-top: 0px !important;margin-right: 0px !important;margin-bottom: 0px !important;margin-left: 0px !important;padding-top: 0px !important;padding-right: 10px !important;padding-bottom: 20px !important;padding-left: 10px !important;}&#8221;]<div class=\"aio-icon-component  vc_custom_1526647122581  accent-icon-bg color-title style_1\"><div id=\"Info-box-wrap-3517\" class=\"aio-icon-box left-icon\" style=\"\"  ><div class=\"aio-icon-left\"><div class=\"ult-just-icon-wrapper  \"><div class=\"align-icon\" style=\"text-align:center;\">\n<div class=\"aio-icon advanced \"  style=\"color:#ffffff;border-style:;border-color:#333333;border-width:1px;width:34px;height:34px;line-height:34px;border-radius:500px;font-size:16px;display:inline-block;\">\n\t<i class=\"icomoon-icomoonfree-16x16-office\"><\/i>\n<\/div><\/div><\/div><\/div><div class=\"aio-ibd-block\"><div class=\"aio-icon-description ult-responsive\"  data-ultimate-target='#Info-box-wrap-3517 .aio-icon-description'  data-responsive-json-new='{\"font-size\":\"desktop:18px;\",\"line-height\":\"desktop:24px;\"}'  style=\"font-family:&#039;Source Sans Pro&#039;;font-weight:700;\">\u017dlibina 4,\u00a051 262 Kraljevica,\u00a0Hrvatska<\/div> <!-- description --><\/div> <!-- aio-ibd-block --><\/div> <!-- aio-icon-box --><\/div> <!-- aio-icon-component -->[\/vc_column_inner][vc_column_inner width=&#8221;1\/2&#8243; css=&#8221;.vc_custom_1475919331923{margin-top: 0px !important;margin-right: 0px !important;margin-bottom: 0px !important;margin-left: 0px !important;padding-top: 0px !important;padding-right: 10px !important;padding-bottom: 20px !important;padding-left: 10px !important;}&#8221;]<div class=\"aio-icon-component  vc_custom_1740141238921  accent-icon-bg color-title style_1\"><div id=\"Info-box-wrap-8588\" class=\"aio-icon-box left-icon\" style=\"\"  ><div class=\"aio-icon-left\"><div class=\"ult-just-icon-wrapper  \"><div class=\"align-icon\" style=\"text-align:center;\">\n<div class=\"aio-icon advanced \"  style=\"color:#ffffff;border-style:;border-color:#333333;border-width:1px;width:34px;height:34px;line-height:34px;border-radius:500px;font-size:16px;display:inline-block;\">\n\t<i class=\"icomoon-icomoonfree-16x16-mobile\"><\/i>\n<\/div><\/div><\/div><\/div><div class=\"aio-ibd-block\"><div class=\"aio-icon-description ult-responsive\"  data-ultimate-target='#Info-box-wrap-8588 .aio-icon-description'  data-responsive-json-new='{\"font-size\":\"desktop:18px;\",\"line-height\":\"desktop:24px;\"}'  style=\"font-weight:700;\">tel: +385 51 250 161<\/div> <!-- description --><\/div> <!-- aio-ibd-block --><\/div> <!-- aio-icon-box --><\/div> <!-- aio-icon-component -->[\/vc_column_inner][vc_column_inner width=&#8221;1\/2&#8243; css=&#8221;.vc_custom_1475919340203{margin-top: 0px !important;margin-right: 0px !important;margin-bottom: 0px !important;margin-left: 0px !important;padding-top: 0px !important;padding-right: 10px !important;padding-bottom: 20px !important;padding-left: 10px !important;}&#8221;]<div class=\"aio-icon-component  vc_custom_1625049836034  accent-icon-bg color-title style_1\"><div id=\"Info-box-wrap-6724\" class=\"aio-icon-box left-icon\" style=\"\"  ><div class=\"aio-icon-left\"><div class=\"ult-just-icon-wrapper  \"><div class=\"align-icon\" style=\"text-align:center;\">\n<div class=\"aio-icon advanced \"  style=\"color:#ffffff;border-style:;border-color:#333333;border-width:1px;width:34px;height:34px;line-height:34px;border-radius:500px;font-size:16px;display:inline-block;\">\n\t<i class=\"icomoon-icomoonfree-16x16-clock\"><\/i>\n<\/div><\/div><\/div><\/div><div class=\"aio-ibd-block\"><div class=\"aio-icon-description ult-responsive\"  data-ultimate-target='#Info-box-wrap-6724 .aio-icon-description'  data-responsive-json-new='{\"font-size\":\"desktop:18px;\",\"line-height\":\"desktop:24px;\"}'  style=\"font-weight:700;\">Pon &#8211; pet: 07:00 &#8211; 15:00<\/div> <!-- description --><\/div> <!-- aio-ibd-block --><\/div> <!-- aio-icon-box --><\/div> <!-- aio-icon-component -->[\/vc_column_inner][vc_column_inner width=&#8221;1\/2&#8243;]<div class=\"aio-icon-component  vc_custom_1652960607144  accent-icon-bg color-title style_1\"><div id=\"Info-box-wrap-7069\" class=\"aio-icon-box left-icon\" style=\"\"  ><div class=\"aio-icon-left\"><div class=\"ult-just-icon-wrapper  \"><div class=\"align-icon\" style=\"text-align:center;\">\n<div class=\"aio-icon advanced \"  style=\"color:#ffffff;border-style:;border-color:#333333;border-width:1px;width:34px;height:34px;line-height:34px;border-radius:500px;font-size:16px;display:inline-block;\">\n\t<i class=\"icomoon-icomoonfree-16x16-pencil\"><\/i>\n<\/div><\/div><\/div><\/div><div class=\"aio-ibd-block\"><div class=\"aio-icon-description ult-responsive\"  data-ultimate-target='#Info-box-wrap-7069 .aio-icon-description'  data-responsive-json-new='{\"font-size\":\"desktop:18px;\",\"line-height\":\"desktop:24px;\"}'  style=\"font-weight:700;\"><a href=\"mailto:sales@neograf.hr\"><span style=\"color: #e50a4c;\">sales@neograf.hr<\/span><\/a><\/div> <!-- description --><\/div> <!-- aio-ibd-block --><\/div> <!-- aio-icon-box --><\/div> <!-- aio-icon-component -->[\/vc_column_inner][\/vc_row_inner][vc_gmaps link=&#8221;#E-8_JTNDaWZyYW1lJTIwc3JjJTNEJTIyaHR0cHMlM0ElMkYlMkZ3d3cuZ29vZ2xlLmNvbSUyRm1hcHMlMkZlbWJlZCUzRnBiJTNEJTIxMW0xOCUyMTFtMTIlMjExbTMlMjExZDI4MDcuOTgyOTM5MTEwNzU4JTIxMmQxNC41NzY0ODE1MTYxOTY4MSUyMTNkNDUuMjY4MzU1NjU0NTA5ODklMjEybTMlMjExZjAlMjEyZjAlMjEzZjAlMjEzbTIlMjExaTEwMjQlMjEyaTc2OCUyMTRmMTMuMSUyMTNtMyUyMTFtMiUyMTFzMHg0NzYzNjFmZWExYjJlOTI1JTI1M0EweGFiNTI4OGFkOGNiMGFhOTMlMjEyc05lb2dyYWYlMkJkLm8ubyUyMTVlMCUyMTNtMiUyMTFzZW4lMjEyc2hyJTIxNHYxNTM2MzIwNjg2NDI3JTIyJTIwd2lkdGglM0QlMjI2MDAlMjIlMjBoZWlnaHQlM0QlMjIzMDAlMjIlMjBmcmFtZWJvcmRlciUzRCUyMjAlMjIlMjBzdHlsZSUzRCUyMmJvcmRlciUzQTAlMjIlMjBhbGxvd2Z1bGxzY3JlZW4lM0UlM0MlMkZpZnJhbWUlM0U=&#8221; size=&#8221;300&#8243;][vc_empty_space height=&#8221;22px&#8221;][\/vc_column][vc_column offset=&#8221;vc_col-lg-6 vc_col-md-5 vc_col-xs-12&#8243; css=&#8221;.vc_custom_1498572768127{padding-bottom: 50px !important;}&#8221;]<div id=\"ultimate-heading-319369e3284ee17c7\" class=\"uvc-heading ult-adjust-bottom-margin ultimate-heading-319369e3284ee17c7 uvc-6083 \" data-hspacer=\"no_spacer\"  data-halign=\"left\" style=\"text-align:left\"><div class=\"uvc-heading-spacer no_spacer\" style=\"top\"><\/div><div class=\"uvc-main-heading ult-responsive\"  data-ultimate-target='.uvc-heading.ultimate-heading-319369e3284ee17c7 h2'  data-responsive-json-new='{\"font-size\":\"desktop:26px;\",\"line-height\":\"desktop:32px;\"}' ><h2 style=\"font-weight:bold;margin-bottom:20px;\">Po\u0161aljite nam upit<\/h2><\/div><\/div>[vc_empty_space]\n<div class=\"wpcf7 no-js\" id=\"wpcf7-f4-o2\" lang=\"en-US\" dir=\"ltr\" data-wpcf7-id=\"4\">\n<div class=\"screen-reader-response\"><p role=\"status\" aria-live=\"polite\" aria-atomic=\"true\"><\/p> <ul><\/ul><\/div>\n<form action=\"\/hr\/wp-json\/wp\/v2\/pages\/1890#wpcf7-f4-o2\" method=\"post\" class=\"wpcf7-form init\" aria-label=\"Contact form\" novalidate=\"novalidate\" data-status=\"init\">\n<fieldset class=\"hidden-fields-container\"><input type=\"hidden\" name=\"_wpcf7\" value=\"4\" \/><input type=\"hidden\" name=\"_wpcf7_version\" value=\"6.1.2\" \/><input type=\"hidden\" name=\"_wpcf7_locale\" value=\"en_US\" \/><input type=\"hidden\" name=\"_wpcf7_unit_tag\" value=\"wpcf7-f4-o2\" \/><input type=\"hidden\" name=\"_wpcf7_container_post\" value=\"0\" \/><input type=\"hidden\" name=\"_wpcf7_posted_data_hash\" value=\"\" \/><input type=\"hidden\" name=\"_wpcf7_recaptcha_response\" value=\"\" \/>\n<\/fieldset>\n<p><span class=\"wpcf7-form-control-wrap\" data-name=\"your-name\"><input size=\"40\" maxlength=\"400\" class=\"wpcf7-form-control wpcf7-text\" aria-invalid=\"false\" placeholder=\"Ime i prezime\" value=\"\" type=\"text\" name=\"your-name\" \/><\/span>\n<\/p>\n<p><span class=\"wpcf7-form-control-wrap\" data-name=\"your-email\"><input size=\"40\" maxlength=\"400\" class=\"wpcf7-form-control wpcf7-email wpcf7-text wpcf7-validates-as-email\" aria-invalid=\"false\" placeholder=\"Email\" value=\"\" type=\"email\" name=\"your-email\" \/><\/span>\n<\/p>\n<p><span class=\"wpcf7-form-control-wrap\" data-name=\"tel-741\"><input size=\"40\" maxlength=\"400\" class=\"wpcf7-form-control wpcf7-tel wpcf7-text wpcf7-validates-as-tel\" aria-invalid=\"false\" placeholder=\"Broj telefona\" value=\"\" type=\"tel\" name=\"tel-741\" \/><\/span>\n<\/p>\n<p><span class=\"wpcf7-form-control-wrap\" data-name=\"tvrtka\"><input size=\"40\" maxlength=\"400\" class=\"wpcf7-form-control wpcf7-text\" aria-invalid=\"false\" placeholder=\"Naziv tvrtke\" value=\"\" type=\"text\" name=\"tvrtka\" \/><\/span>\n<\/p>\n<p><span class=\"wpcf7-form-control-wrap\" data-name=\"your-message\"><textarea cols=\"40\" rows=\"6\" maxlength=\"2000\" class=\"wpcf7-form-control wpcf7-textarea\" aria-invalid=\"false\" placeholder=\"Poruka\" name=\"your-message\"><\/textarea><\/span>\n<\/p>\n<p><input class=\"wpcf7-form-control wpcf7-submit has-spinner\" type=\"submit\" value=\"PO\u0160ALJI\" \/>\n<\/p><p style=\"display: none !important;\" class=\"akismet-fields-container\" data-prefix=\"_wpcf7_ak_\"><label>&#916;<textarea name=\"_wpcf7_ak_hp_textarea\" cols=\"45\" rows=\"8\" maxlength=\"100\"><\/textarea><\/label><input type=\"hidden\" id=\"ak_js_2\" name=\"_wpcf7_ak_js\" value=\"82\"\/><script>document.getElementById( \"ak_js_2\" ).setAttribute( \"value\", ( new Date() ).getTime() );<\/script><\/p><div class=\"wpcf7-response-output\" aria-hidden=\"true\"><\/div>\n<\/form>\n<\/div>\n[\/vc_column][\/vc_row][vc_row bg_type=&#8221;bg_color&#8221; bg_override=&#8221;full&#8221; seperator_enable=&#8221;seperator_enable_value&#8221; seperator_type=&#8221;circle_svg_seperator&#8221; seperator_svg_height=&#8221;55&#8243; seperator_shape_background=&#8221;#ffffff&#8221; css=&#8221;.vc_custom_1527147450642{padding-bottom: 70px !important;}&#8221; bg_color_value=&#8221;#f2f2f2&#8243;][vc_column width=&#8221;2\/3&#8243;][vc_empty_space height=&#8221;40px&#8221;]<div class=\"aio-icon-component  vc_custom_1527147110719  accent-icon-bg color-title style_1\"><div id=\"Info-box-wrap-5171\" class=\"aio-icon-box left-icon\" style=\"\"  ><div class=\"aio-icon-left\"><div class=\"ult-just-icon-wrapper  \"><div class=\"align-icon\" style=\"text-align:center;\">\n<div class=\"aio-icon advanced \"  style=\"color:#ffffff;border-style:;border-color:#333333;border-width:1px;width:34px;height:34px;line-height:34px;border-radius:500px;font-size:16px;display:inline-block;\">\n\t<i class=\"icomoon-icomoonfree-16x16-office\"><\/i>\n<\/div><\/div><\/div><\/div><div class=\"aio-ibd-block\"><div class=\"aio-icon-description ult-responsive\"  data-ultimate-target='#Info-box-wrap-5171 .aio-icon-description'  data-responsive-json-new='{\"font-size\":\"desktop:18px;\",\"line-height\":\"desktop:24px;\"}'  style=\"font-family:&#039;Source Sans Pro&#039;;font-weight:700;\">Podaci o firmi<\/div> <!-- description --><\/div> <!-- aio-ibd-block --><\/div> <!-- aio-icon-box --><\/div> <!-- aio-icon-component -->[vc_column_text css=&#8221;&#8221;]<\/p>\n<div class=\"aio-icon-description ult-responsive\" data-ultimate-target=\"#Info-box-wrap-9458 .aio-icon-description\" data-responsive-json-new=\"{&quot;font-size&quot;:&quot;desktop:14px;&quot;,&quot;line-height&quot;:&quot;desktop:26px;&quot;}\"><strong>Neograf d.o.o.<\/strong><br \/>\n\u017dlibina 4, 51 262 Kraljevica, Hrvatska<br \/>\nTel: +385 51 250 161<br \/>\nOIB: 54471995670<br \/>\nE-mail: <a href=\"mailto:sales@neograf.hr\"><span style=\"color: #e50a4c;\">sales@neograf.hr<\/span><\/a><br \/>\nNeograf d.o.o., upisano u sudski registar Trgova\u010dkog suda u Rijeci u registarski ulo\u017eak s mati\u010dnim brojem 03586707<br \/>\nTemeljni kapital 298.626,32 EUR upla\u0107en u cijelosti<br \/>\nIBAN: HR6924840081104914273<br \/>\n\u010clanovi uprave: Filip Boras<\/div>\n<p>[\/vc_column_text][\/vc_column][vc_column width=&#8221;1\/3&#8243;][\/vc_column][\/vc_row]<\/p>\n<\/div>","protected":false},"excerpt":{"rendered":"<p>[vc_row type=&#8221;vc_default&#8221; margin_top=&#8221;0&#8243; margin_bottom=&#8221;-35&#8243; css=&#8221;.vc_custom_1498572765023{margin-top: 70px !important;margin-bottom: 20px !important;}&#8221;][vc_column offset=&#8221;vc_col-lg-6 vc_col-md-7 vc_col-xs-12&#8243; css=&#8221;.vc_custom_1498821716836{padding-bottom: 40px !important;}&#8221;][vc_empty_space][vc_row_inner equal_height=&#8221;yes&#8221; css=&#8221;.vc_custom_1498572805259{padding-right: 15px !important;padding-bottom: 10px !important;padding-left: 15px !important;}&#8221;][vc_column_inner width=&#8221;1\/2&#8243; css=&#8221;.vc_custom_1475919323336{margin-top: 0px !important;margin-right: 0px !important;margin-bottom: 0px !important;margin-left: 0px !important;padding-top: 0px !important;padding-right: 10px !important;padding-bottom: 20px !important;padding-left: 10px !important;}&#8221;][\/vc_column_inner][vc_column_inner width=&#8221;1\/2&#8243; css=&#8221;.vc_custom_1475919331923{margin-top: 0px !important;margin-right: 0px !important;margin-bottom: 0px !important;margin-left: 0px !important;padding-top: 0px !important;padding-right: 10px !important;padding-bottom:&hellip;<\/p>\n","protected":false},"author":1,"featured_media":0,"parent":0,"menu_order":0,"comment_status":"closed","ping_status":"closed","template":"template-microsite.php","meta":{"footnotes":""},"class_list":["post-1890","page","type-page","status-publish","hentry","description-off"],"yoast_head":"<!-- This site is optimized with the Yoast SEO plugin v26.0 - https:\/\/yoast.com\/wordpress\/plugins\/seo\/ -->\n<title>Kontakt - Neograf<\/title>\n<meta name=\"description\" content=\"Uz dugogodi\u0161nje iskustvo u proizvodnji ambala\u017ee za farmaceutsku, prehrambenu, kozmeti\u010dku i razne druge industrije, pomo\u0107i \u0107emo Vam plasirati Va\u0161 proizvod.\" \/>\n<meta name=\"robots\" content=\"index, follow, max-snippet:-1, max-image-preview:large, max-video-preview:-1\" \/>\n<link rel=\"canonical\" href=\"https:\/\/neograf.hr\/kontakt\/\" \/>\n<meta property=\"og:locale\" content=\"hr_HR\" \/>\n<meta property=\"og:type\" content=\"article\" \/>\n<meta property=\"og:title\" content=\"[:en]Contact[:hr]Kontakt[:] - Neograf\" \/>\n<meta property=\"og:description\" content=\"Uz dugogodi\u0161nje iskustvo u proizvodnji ambala\u017ee za farmaceutsku, prehrambenu, kozmeti\u010dku i razne druge industrije, pomo\u0107i \u0107emo Vam plasirati Va\u0161 proizvod.\" \/>\n<meta property=\"og:url\" content=\"https:\/\/neograf.hr\/kontakt\/\" \/>\n<meta property=\"og:site_name\" content=\"Neograf\" \/>\n<meta property=\"article:modified_time\" content=\"2025-02-21T12:36:49+00:00\" \/>\n<meta name=\"twitter:card\" content=\"summary_large_image\" \/>\n<meta name=\"twitter:label1\" content=\"Procijenjeno vrijeme \u010ditanja\" \/>\n\t<meta name=\"twitter:data1\" content=\"2 minute\" \/>\n<script type=\"application\/ld+json\" class=\"yoast-schema-graph\">{\"@context\":\"https:\/\/schema.org\",\"@graph\":[{\"@type\":\"WebPage\",\"@id\":\"https:\/\/neograf.hr\/kontakt\/\",\"url\":\"https:\/\/neograf.hr\/kontakt\/\",\"name\":\"[:en]Contact[:hr]Kontakt[:] - Neograf\",\"isPartOf\":{\"@id\":\"https:\/\/neograf.hr\/#website\"},\"datePublished\":\"2018-04-24T11:48:15+00:00\",\"dateModified\":\"2025-02-21T12:36:49+00:00\",\"description\":\"Uz dugogodi\u0161nje iskustvo u proizvodnji ambala\u017ee za farmaceutsku, prehrambenu, kozmeti\u010dku i razne druge industrije, pomo\u0107i \u0107emo Vam plasirati Va\u0161 proizvod.\",\"breadcrumb\":{\"@id\":\"https:\/\/neograf.hr\/kontakt\/#breadcrumb\"},\"inLanguage\":\"hr\",\"potentialAction\":[{\"@type\":\"ReadAction\",\"target\":[\"https:\/\/neograf.hr\/kontakt\/\"]}]},{\"@type\":\"BreadcrumbList\",\"@id\":\"https:\/\/neograf.hr\/kontakt\/#breadcrumb\",\"itemListElement\":[{\"@type\":\"ListItem\",\"position\":1,\"name\":\"Home\",\"item\":\"https:\/\/neograf.hr\/\"},{\"@type\":\"ListItem\",\"position\":2,\"name\":\"Contact\"}]},{\"@type\":\"WebSite\",\"@id\":\"https:\/\/neograf.hr\/#website\",\"url\":\"https:\/\/neograf.hr\/\",\"name\":\"Neograf\",\"description\":\"Izrada kartonske ambala\u017ee\",\"potentialAction\":[{\"@type\":\"SearchAction\",\"target\":{\"@type\":\"EntryPoint\",\"urlTemplate\":\"https:\/\/neograf.hr\/?s={search_term_string}\"},\"query-input\":{\"@type\":\"PropertyValueSpecification\",\"valueRequired\":true,\"valueName\":\"search_term_string\"}}],\"inLanguage\":\"hr\"}]}<\/script>\n<!-- \/ Yoast SEO plugin. -->","yoast_head_json":{"title":"[:en]Contact[:hr]Kontakt[:] - Neograf","description":"Uz dugogodi\u0161nje iskustvo u proizvodnji ambala\u017ee za farmaceutsku, prehrambenu, kozmeti\u010dku i razne druge industrije, pomo\u0107i \u0107emo Vam plasirati Va\u0161 proizvod.","robots":{"index":"index","follow":"follow","max-snippet":"max-snippet:-1","max-image-preview":"max-image-preview:large","max-video-preview":"max-video-preview:-1"},"canonical":"https:\/\/neograf.hr\/kontakt\/","og_locale":"hr_HR","og_type":"article","og_title":"[:en]Contact[:hr]Kontakt[:] - Neograf","og_description":"Uz dugogodi\u0161nje iskustvo u proizvodnji ambala\u017ee za farmaceutsku, prehrambenu, kozmeti\u010dku i razne druge industrije, pomo\u0107i \u0107emo Vam plasirati Va\u0161 proizvod.","og_url":"https:\/\/neograf.hr\/kontakt\/","og_site_name":"Neograf","article_modified_time":"2025-02-21T12:36:49+00:00","twitter_card":"summary_large_image","twitter_misc":{"Procijenjeno vrijeme \u010ditanja":"2 minute"},"schema":{"@context":"https:\/\/schema.org","@graph":[{"@type":"WebPage","@id":"https:\/\/neograf.hr\/kontakt\/","url":"https:\/\/neograf.hr\/kontakt\/","name":"[:en]Contact[:hr]Kontakt[:] - Neograf","isPartOf":{"@id":"https:\/\/neograf.hr\/#website"},"datePublished":"2018-04-24T11:48:15+00:00","dateModified":"2025-02-21T12:36:49+00:00","description":"Uz dugogodi\u0161nje iskustvo u proizvodnji ambala\u017ee za farmaceutsku, prehrambenu, kozmeti\u010dku i razne druge industrije, pomo\u0107i \u0107emo Vam plasirati Va\u0161 proizvod.","breadcrumb":{"@id":"https:\/\/neograf.hr\/kontakt\/#breadcrumb"},"inLanguage":"hr","potentialAction":[{"@type":"ReadAction","target":["https:\/\/neograf.hr\/kontakt\/"]}]},{"@type":"BreadcrumbList","@id":"https:\/\/neograf.hr\/kontakt\/#breadcrumb","itemListElement":[{"@type":"ListItem","position":1,"name":"Home","item":"https:\/\/neograf.hr\/"},{"@type":"ListItem","position":2,"name":"Contact"}]},{"@type":"WebSite","@id":"https:\/\/neograf.hr\/#website","url":"https:\/\/neograf.hr\/","name":"Neograf","description":"Izrada kartonske ambala\u017ee","potentialAction":[{"@type":"SearchAction","target":{"@type":"EntryPoint","urlTemplate":"https:\/\/neograf.hr\/?s={search_term_string}"},"query-input":{"@type":"PropertyValueSpecification","valueRequired":true,"valueName":"search_term_string"}}],"inLanguage":"hr"}]}},"_links":{"self":[{"href":"https:\/\/neograf.hr\/hr\/wp-json\/wp\/v2\/pages\/1890","targetHints":{"allow":["GET"]}}],"collection":[{"href":"https:\/\/neograf.hr\/hr\/wp-json\/wp\/v2\/pages"}],"about":[{"href":"https:\/\/neograf.hr\/hr\/wp-json\/wp\/v2\/types\/page"}],"author":[{"embeddable":true,"href":"https:\/\/neograf.hr\/hr\/wp-json\/wp\/v2\/users\/1"}],"replies":[{"embeddable":true,"href":"https:\/\/neograf.hr\/hr\/wp-json\/wp\/v2\/comments?post=1890"}],"version-history":[{"count":5,"href":"https:\/\/neograf.hr\/hr\/wp-json\/wp\/v2\/pages\/1890\/revisions"}],"predecessor-version":[{"id":2594,"href":"https:\/\/neograf.hr\/hr\/wp-json\/wp\/v2\/pages\/1890\/revisions\/2594"}],"wp:attachment":[{"href":"https:\/\/neograf.hr\/hr\/wp-json\/wp\/v2\/media?parent=1890"}],"curies":[{"name":"wp","href":"https:\/\/api.w.org\/{rel}","templated":true}]}}