{"id":1942,"date":"2018-05-17T08:14:15","date_gmt":"2018-05-17T08:14:15","guid":{"rendered":"http:\/\/neograf.webpoint.com.hr\/?page_id=1942"},"modified":"2019-03-26T09:28:46","modified_gmt":"2019-03-26T09:28:46","slug":"proizvodi","status":"publish","type":"page","link":"https:\/\/neograf.hr\/hr\/proizvodi\/","title":{"rendered":"Proizvodi"},"content":{"rendered":"<div class=\"wpb-content-wrapper\"><p>[vc_row full_width=&#8221;stretch_row&#8221; type=&#8221;vc_default&#8221; css=&#8221;.vc_custom_1524053357097{padding-top: 110px !important;padding-bottom: 20px !important;}&#8221;][vc_column width=&#8221;1\/6&#8243; css=&#8221;.vc_custom_1490364209546{padding-bottom: 80px !important;}&#8221;][\/vc_column][vc_column width=&#8221;2\/3&#8243;][vc_column_text css=&#8221;.vc_custom_1524048387486{margin-bottom: 0px !important;border-bottom-width: 0px !important;padding-bottom: 10px !important;}&#8221;]<\/p>\n<h2 style=\"text-align: center;\">N E O G R A F<\/h2>\n<p>[\/vc_column_text]<div id=\"ultimate-heading-873869e30e78449f8\" class=\"uvc-heading ult-adjust-bottom-margin ultimate-heading-873869e30e78449f8 uvc-6048 accent-border-color uvc-heading-default-font-sizes\" data-hspacer=\"no_spacer\"  data-halign=\"center\" style=\"text-align:center\"><div class=\"uvc-heading-spacer no_spacer\" style=\"top\"><\/div><div class=\"uvc-main-heading ult-responsive\"  data-ultimate-target='.uvc-heading.ultimate-heading-873869e30e78449f8 h1'  data-responsive-json-new='{\"font-size\":\"\",\"line-height\":\"\"}' ><h1 style=\"font-weight:bold;margin-bottom:60px;\">NA\u0160I PROIZVODI<\/h1><\/div><div class=\"uvc-sub-heading ult-responsive\"  data-ultimate-target='.uvc-heading.ultimate-heading-873869e30e78449f8 .uvc-sub-heading '  data-responsive-json-new='{\"font-size\":\"desktop:16px;\",\"line-height\":\"desktop:25px;\"}'  style=\"font-weight:normal;\">Ambala\u017ea koju proizvodimo omogu\u0107ava me\u0111usobno razlikovanje proizvoda te pru\u017ea njegovu potpunu sliku. Njezine su funkcije vi\u0161estruke. Ambala\u017ea je ponajprije namijenjena za\u0161titi robe ili proizvoda od vanjskih utjecaja, no ona omogu\u0107ava i prakti\u010dnije rukovanje, privla\u010di pozornost potencijalnih kupaca te postaje sredstvom promocije.<\/div><\/div>[\/vc_column][vc_column width=&#8221;1\/6&#8243;][\/vc_column][\/vc_row][vc_row type=&#8221;vc_default&#8221; css=&#8221;.vc_custom_1526546930364{padding-top: 50px !important;padding-bottom: 20px !important;}&#8221;][vc_column css=&#8221;.vc_custom_1490364209546{padding-bottom: 80px !important;}&#8221;]<div class=\"ult-ih-container ult-adjust-bottom-margin  \" >\t<ul class=\"ult-ih-list \"  data-shape=\"square\"  data-width=\"380\"  data-height=\"380\"  style=\"text-align:center; \"><li id=\"ult-ih-list-item-9056\" class=\"ult-ih-list-item\" style=\"height: 380px; width: 380px;  margin: 5px\"><a class=\"ult-ih-link\" href=\"http:\/\/neograf.hr\/proizvodi\/ambalaza-za-farmaceutsku-industriju-2\/\"  ><div style=\"height: 380px; width: 380px; \" class=\"ult-ih-item ult-ih-effect3  ult-ih-bottom_to_top  \"><div class=\"ult-ih-image-block\" style=\"height: 380px; width: 380px; \">\t<div class=\"ult-ih-wrapper\" style=\"border-style: solid; border-color: rgba(255,255,255,0.2); border-width: 20px;\"><\/div>\t<img decoding=\"async\" class=\"ult-ih-image\" src=\"https:\/\/neograf.hr\/wp-content\/uploads\/2018\/05\/Ambalaza-za-farmaceutsku-industriju.jpg\" alt=\"Ambalaza za farmaceutsku industriju\"><\/div><div class=\"ult-ih-info\" style=\"background-color: #353246; \">\t<div class=\"ult-ih-info-back\">\t<div class=\"ult-ih-content\">\t\t\t<div class=\"ult-ih-heading-block\" style=\"margin-top:30px;\">\t\t\t\t<h3 class=\"ult-ih-heading ult-responsive\" style=\"color:#ffffff;\"  data-ultimate-target='#ult-ih-list-item-9056 .ult-ih-heading'  data-responsive-json-new='{\"font-size\":\"desktop:23px;\",\"line-height\":\"desktop:28px;\"}' >KUTIJE ZA LIJEKOVE<\/h3>\t\t\t<\/div>\t\t\t<div class=\"ult-ih-divider-block\" style=\"height:1px;margin-top:20px;margin-bottom:20px;\">\t\t\t\t<span class=\"ult-ih-line\" style=\"border-style:solid;border-color:rgba(255,255,255,0.75);width:50px;border-width:1px;\"><\/span>\t\t\t<\/div>\t\t\t<div class=\"ult-ih-description-block\" style=\"\">\t\t\t\t<div class=\"ult-ih-description ult-responsive\" style=\"color:#bbbbbb;\"  data-ultimate-target='#ult-ih-list-item-9056 .ult-ih-description, #ult-ih-list-item-9056 .ult-ih-description p'  data-responsive-json-new='{\"font-size\":\"desktop:14px;\",\"line-height\":\"desktop:18px;\"}' ><p>Iskustvo u proizvodnji sekundarne farmaceutske ambala\u017ee pripremilo nas je na razne izazove te zahtjevne industrije. Procesi sukladni smjernicama Dobre proizvo\u0111a\u010dke prakse jam\u010de sigurnost opskrbe i konstantan nivo kvalitete na\u0161ih proizvoda.<\/p>\n\t\t\t\t<\/div>\t\t\t<\/div>\t<\/div>\t<\/div><\/div><\/div><\/a><\/li><li id=\"ult-ih-list-item-5489\" class=\"ult-ih-list-item\" style=\"height: 380px; width: 380px;  margin: 5px\"><a class=\"ult-ih-link\" href=\"http:\/\/neograf.hr\/proizvodi\/kutije-za-konditorske-proizvode\/\"  ><div style=\"height: 380px; width: 380px; \" class=\"ult-ih-item ult-ih-effect3  ult-ih-bottom_to_top  \"><div class=\"ult-ih-image-block\" style=\"height: 380px; width: 380px; \">\t<div class=\"ult-ih-wrapper\" style=\"border-style: solid; border-color: rgba(255,255,255,0.2); border-width: 20px;\"><\/div>\t<img decoding=\"async\" class=\"ult-ih-image\" src=\"https:\/\/neograf.hr\/wp-content\/uploads\/2018\/05\/Ambalaza-za-konditorsku-industriju.jpg\" alt=\"Ambalaza za konditorsku industriju\"><\/div><div class=\"ult-ih-info\" style=\"background-color: #353246; \">\t<div class=\"ult-ih-info-back\">\t<div class=\"ult-ih-content\">\t\t\t<div class=\"ult-ih-heading-block\" style=\"margin-top:30px;\">\t\t\t\t<h3 class=\"ult-ih-heading ult-responsive\" style=\"color:#ffffff;\"  data-ultimate-target='#ult-ih-list-item-5489 .ult-ih-heading'  data-responsive-json-new='{\"font-size\":\"desktop:23px;\",\"line-height\":\"desktop:28px;\"}' >KUTIJE ZA KONDITORSKE PROIZVODE<\/h3>\t\t\t<\/div>\t\t\t<div class=\"ult-ih-divider-block\" style=\"height:1px;margin-top:20px;margin-bottom:20px;\">\t\t\t\t<span class=\"ult-ih-line\" style=\"border-style:solid;border-color:rgba(255,255,255,0.75);width:50px;border-width:1px;\"><\/span>\t\t\t<\/div>\t\t\t<div class=\"ult-ih-description-block\" style=\"\">\t\t\t\t<div class=\"ult-ih-description ult-responsive\" style=\"color:#bbbbbb;\"  data-ultimate-target='#ult-ih-list-item-5489 .ult-ih-description, #ult-ih-list-item-5489 .ult-ih-description p'  data-responsive-json-new='{\"font-size\":\"desktop:14px;\",\"line-height\":\"desktop:18px;\"}' ><p>Ambala\u017ea za konditorsku industriju posebna je i po zahtjevima zdravstvene ispravnosti i \u010desto zahtjevnog dizajna. Me\u0111u na\u0161im proizvodima mo\u017eete vidjeti primjere raznih tavkih kutija \u010diji je zadatak privu\u0107i pozornost potro\u0161a\u010da i prenijeti poruku o posebnosti i kvaliteti proizvoda u njima.<\/p>\n\t\t\t\t<\/div>\t\t\t<\/div>\t<\/div>\t<\/div><\/div><\/div><\/a><\/li><li id=\"ult-ih-list-item-2515\" class=\"ult-ih-list-item\" style=\"height: 380px; width: 380px;  margin: 5px\"><a class=\"ult-ih-link\" href=\"http:\/\/neograf.hr\/proizvodi\/kutije-za-prehrambene-proizvode\/\"  ><div style=\"height: 380px; width: 380px; \" class=\"ult-ih-item ult-ih-effect3  ult-ih-bottom_to_top  \"><div class=\"ult-ih-image-block\" style=\"height: 380px; width: 380px; \">\t<div class=\"ult-ih-wrapper\" style=\"border-style: solid; border-color: rgba(255,255,255,0.2); border-width: 20px;\"><\/div>\t<img decoding=\"async\" class=\"ult-ih-image\" src=\"https:\/\/neograf.hr\/wp-content\/uploads\/2018\/05\/Ambalaza-za-prehrambenu-industriju.jpg\" alt=\"Ambalaza za prehrambenu industriju\"><\/div><div class=\"ult-ih-info\" style=\"background-color: #353246; \">\t<div class=\"ult-ih-info-back\">\t<div class=\"ult-ih-content\">\t\t\t<div class=\"ult-ih-heading-block\" style=\"margin-top:30px;\">\t\t\t\t<h3 class=\"ult-ih-heading ult-responsive\" style=\"color:#ffffff;\"  data-ultimate-target='#ult-ih-list-item-2515 .ult-ih-heading'  data-responsive-json-new='{\"font-size\":\"desktop:23px;\",\"line-height\":\"desktop:28px;\"}' >KUTIJE ZA PREHRAMBENE PROIZVODE<\/h3>\t\t\t<\/div>\t\t\t<div class=\"ult-ih-divider-block\" style=\"height:1px;margin-top:20px;margin-bottom:20px;\">\t\t\t\t<span class=\"ult-ih-line\" style=\"border-style:solid;border-color:rgba(255,255,255,0.75);width:50px;border-width:1px;\"><\/span>\t\t\t<\/div>\t\t\t<div class=\"ult-ih-description-block\" style=\"\">\t\t\t\t<div class=\"ult-ih-description ult-responsive\" style=\"color:#bbbbbb;\"  data-ultimate-target='#ult-ih-list-item-2515 .ult-ih-description, #ult-ih-list-item-2515 .ult-ih-description p'  data-responsive-json-new='{\"font-size\":\"desktop:14px;\",\"line-height\":\"desktop:18px;\"}' ><p>Kako bi osigurali zdravstvenu ispravnost ambala\u017ee koju proizvodimo za prehrambenu industriju, u proizvodnji koristimo isklju\u010divo materijale (kartone, boje, lakove) sukladne za kori\u0161tenje u dodiru s prehrambenim proizvodima.<\/p>\n\t\t\t\t<\/div>\t\t\t<\/div>\t<\/div>\t<\/div><\/div><\/div><\/a><\/li><li id=\"ult-ih-list-item-4077\" class=\"ult-ih-list-item\" style=\"height: 380px; width: 380px;  margin: 5px\"><a class=\"ult-ih-link\" href=\"http:\/\/neograf.hr\/proizvodi\/kutije-za-kozmeticke-proizvode-2\/\"  ><div style=\"height: 380px; width: 380px; \" class=\"ult-ih-item ult-ih-effect3  ult-ih-bottom_to_top  \"><div class=\"ult-ih-image-block\" style=\"height: 380px; width: 380px; \">\t<div class=\"ult-ih-wrapper\" style=\"border-style: solid; border-color: rgba(255,255,255,0.2); border-width: 20px;\"><\/div>\t<img decoding=\"async\" class=\"ult-ih-image\" src=\"https:\/\/neograf.hr\/wp-content\/uploads\/2018\/09\/kutije-za-kozmeticke-proizvode.jpg\" alt=\"kutije-za-kozmeticke-proizvode\"><\/div><div class=\"ult-ih-info\" style=\"background-color: #353246; \">\t<div class=\"ult-ih-info-back\">\t<div class=\"ult-ih-content\">\t\t\t<div class=\"ult-ih-heading-block\" style=\"margin-top:30px;\">\t\t\t\t<h3 class=\"ult-ih-heading ult-responsive\" style=\"color:#ffffff;\"  data-ultimate-target='#ult-ih-list-item-4077 .ult-ih-heading'  data-responsive-json-new='{\"font-size\":\"desktop:23px;\",\"line-height\":\"desktop:28px;\"}' >KUTIJE ZA KOZMETI\u010cKE PROIZVODE<\/h3>\t\t\t<\/div>\t\t\t<div class=\"ult-ih-divider-block\" style=\"height:1px;margin-top:20px;margin-bottom:20px;\">\t\t\t\t<span class=\"ult-ih-line\" style=\"border-style:solid;border-color:rgba(255,255,255,0.75);width:50px;border-width:1px;\"><\/span>\t\t\t<\/div>\t\t\t<div class=\"ult-ih-description-block\" style=\"\">\t\t\t\t<div class=\"ult-ih-description ult-responsive\" style=\"color:#bbbbbb;\"  data-ultimate-target='#ult-ih-list-item-4077 .ult-ih-description, #ult-ih-list-item-4077 .ult-ih-description p'  data-responsive-json-new='{\"font-size\":\"desktop:14px;\",\"line-height\":\"desktop:18px;\"}' ><p>Kozmeti\u010dka industrija \u010desto je najzahtjevnija po pitanju dizajna proizvoda. Sa vrhunskim \u0161esterobojnim tiskom, raznim opcijama lakiranja i doradnih efekata spremni smo se nositi sa ve\u0107inom tehni\u010dkih zahtjeva ovakvih proizvoda.<\/p>\n\t\t\t\t<\/div>\t\t\t<\/div>\t<\/div>\t<\/div><\/div><\/div><\/a><\/li><li id=\"ult-ih-list-item-8307\" class=\"ult-ih-list-item\" style=\"height: 380px; width: 380px;  margin: 5px\"><a class=\"ult-ih-link\" href=\"http:\/\/neograf.hr\/proizvodi\/razne-kartonske-kutije-2\/\"  ><div style=\"height: 380px; width: 380px; \" class=\"ult-ih-item ult-ih-effect3  ult-ih-bottom_to_top  \"><div class=\"ult-ih-image-block\" style=\"height: 380px; width: 380px; \">\t<div class=\"ult-ih-wrapper\" style=\"border-style: solid; border-color: rgba(255,255,255,0.2); border-width: 20px;\"><\/div>\t<img decoding=\"async\" class=\"ult-ih-image\" src=\"https:\/\/neograf.hr\/wp-content\/uploads\/2018\/05\/razne-kartonske-kutije.jpg\" alt=\"null\"><\/div><div class=\"ult-ih-info\" style=\"background-color: #353246; \">\t<div class=\"ult-ih-info-back\">\t<div class=\"ult-ih-content\">\t\t\t<div class=\"ult-ih-heading-block\" style=\"margin-top:30px;\">\t\t\t\t<h3 class=\"ult-ih-heading ult-responsive\" style=\"color:#ffffff;\"  data-ultimate-target='#ult-ih-list-item-8307 .ult-ih-heading'  data-responsive-json-new='{\"font-size\":\"desktop:23px;\",\"line-height\":\"desktop:28px;\"}' >RAZNE KARTONSKE KUTIJE<\/h3>\t\t\t<\/div>\t\t\t<div class=\"ult-ih-divider-block\" style=\"height:1px;margin-top:20px;margin-bottom:20px;\">\t\t\t\t<span class=\"ult-ih-line\" style=\"border-style:solid;border-color:rgba(255,255,255,0.75);width:50px;border-width:1px;\"><\/span>\t\t\t<\/div>\t\t\t<div class=\"ult-ih-description-block\" style=\"\">\t\t\t\t<div class=\"ult-ih-description ult-responsive\" style=\"color:#bbbbbb;\"  data-ultimate-target='#ult-ih-list-item-8307 .ult-ih-description, #ult-ih-list-item-8307 .ult-ih-description p'  data-responsive-json-new='{\"font-size\":\"desktop:14px;\",\"line-height\":\"desktop:18px;\"}' ><p>Iako smo specijalisti za farmeceutsku, kozmeti\u010dku i prehrambenu ambala\u017ee, proizvodimo i komercijalne kutije manjih do srednjih formata za razne druge namjene.<\/p>\n\t\t\t\t<\/div>\t\t\t<\/div>\t<\/div>\t<\/div><\/div><\/div><\/a><\/li><li id=\"ult-ih-list-item-5098\" class=\"ult-ih-list-item\" style=\"height: 380px; width: 380px;  margin: 5px\"><div style=\"height: 380px; width: 380px; \" class=\"ult-ih-item ult-ih-effect3  ult-ih-bottom_to_top   \"><div class=\"ult-ih-image-block\" style=\"height: 380px; width: 380px; \">\t<div class=\"ult-ih-wrapper\" style=\"border-style: solid; border-color: rgba(255,255,255,0.2); border-width: 20px;\"><\/div>\t<img decoding=\"async\" class=\"ult-ih-image\" src=\"https:\/\/neograf.hr\/wp-content\/uploads\/2018\/05\/Upute-za-farmaceutske-proizvode.jpg\" alt=\"null\"><\/div><div class=\"ult-ih-info\" style=\"background-color: #353246; \">\t<div class=\"ult-ih-info-back\">\t<div class=\"ult-ih-content\">\t\t\t<div class=\"ult-ih-heading-block\" style=\"margin-top:30px;\">\t\t\t\t<h3 class=\"ult-ih-heading ult-responsive\" style=\"color:#ffffff;\"  data-ultimate-target='#ult-ih-list-item-5098 .ult-ih-heading'  data-responsive-json-new='{\"font-size\":\"desktop:23px;\",\"line-height\":\"desktop:28px;\"}' >UPUTE ZA LIJEKOVE<\/h3>\t\t\t<\/div>\t\t\t<div class=\"ult-ih-divider-block\" style=\"height:1px;margin-top:20px;margin-bottom:20px;\">\t\t\t\t<span class=\"ult-ih-line\" style=\"border-style:solid;border-color:rgba(255,255,255,0.75);width:50px;border-width:1px;\"><\/span>\t\t\t<\/div>\t\t\t<div class=\"ult-ih-description-block\" style=\"\">\t\t\t\t<div class=\"ult-ih-description ult-responsive\" style=\"color:#bbbbbb;\"  data-ultimate-target='#ult-ih-list-item-5098 .ult-ih-description, #ult-ih-list-item-5098 .ult-ih-description p'  data-responsive-json-new='{\"font-size\":\"desktop:14px;\",\"line-height\":\"desktop:18px;\"}' ><p>Jedni smo od malog broja proizvo\u0111a\u010da koji se bave proizvodnjom uputa za lijekove na vrlo tankim i zahtjevnim papirima. Tokom godina specijalizirali smo se za proizvodnju visokokvalitetnih savijenih i nesavijenih uputa za lijekove.<\/p>\n\t\t\t\t<\/div>\t\t\t<\/div>\t<\/div>\t<\/div><\/div><\/div><\/li>\t<\/ul><\/div>[\/vc_column][\/vc_row][vc_row bg_type=&#8221;bg_color&#8221; bg_override=&#8221;ex-full&#8221; type=&#8221;vc_default&#8221; margin_top=&#8221;-50&#8243; css=&#8221;.vc_custom_1553156144352{padding-top: 60px !important;padding-bottom: 20px !important;}&#8221; bg_color_value=&#8221;#09cedc&#8221;][vc_column width=&#8221;1\/2&#8243; css=&#8221;.vc_custom_1524478418263{padding-bottom: 50px !important;}&#8221;]<div id=\"ultimate-heading-88869e30e7844f37\" class=\"uvc-heading ult-adjust-bottom-margin ultimate-heading-88869e30e7844f37 uvc-6756 \" data-hspacer=\"no_spacer\"  data-halign=\"left\" style=\"text-align:left\"><div class=\"uvc-heading-spacer no_spacer\" style=\"top\"><\/div><div class=\"uvc-main-heading ult-responsive\"  data-ultimate-target='.uvc-heading.ultimate-heading-88869e30e7844f37 h2'  data-responsive-json-new='{\"font-size\":\"desktop:50px;\",\"line-height\":\"desktop:55px;\"}' ><h2 style=\"font-weight:bold;color:#ffffff;margin-bottom:20px;\">TREBATE AMBALA\u017dU ZA VA\u0160 PROIZVOD?<\/h2><\/div><\/div>[\/vc_column][vc_column width=&#8221;1\/2&#8243;][vc_empty_space height=&#8221;20px&#8221;]<div class=\" ubtn-ctn-center \"><a class=\"ubtn-link ult-adjust-bottom-margin ubtn-center ubtn-large \" href=\"http:\/\/neograf.hr\/kontakt\/\" ><button type=\"button\" id=\"ubtn-4932\"  class=\"ubtn ult-adjust-bottom-margin ult-responsive ubtn-large ubtn-left-bg  none  ubtn-center   tooltip-69e30e7844f8a\"  data-hover=\"#ffffff\" data-border-color=\"#ffffff\" data-bg=\"rgba(18,198,221,0.01)\" data-hover-bg=\"#272935\" data-border-hover=\"#23252f\" data-shadow-hover=\"\" data-shadow-click=\"none\" data-shadow=\"\" data-shd-shadow=\"\"  data-ultimate-target='#ubtn-4932'  data-responsive-json-new='{\"font-size\":\"desktop:20px;\",\"line-height\":\"\"}'  style=\"font-weight:bold;border-radius:px;border-width:3px;border-color:#ffffff;border-style:solid;background: rgba(18,198,221,0.01);color: #ffffff;\"><span class=\"ubtn-hover\" style=\"background-color:#272935\"><\/span><span class=\"ubtn-data ubtn-text \" >KONTAKTIRAJTE NAS!<\/span><\/button><\/a><\/div>[\/vc_column][\/vc_row]<\/p>\n<\/div>","protected":false},"excerpt":{"rendered":"<p>[vc_row full_width=&#8221;stretch_row&#8221; type=&#8221;vc_default&#8221; css=&#8221;.vc_custom_1524053357097{padding-top: 110px !important;padding-bottom: 20px !important;}&#8221;][vc_column width=&#8221;1\/6&#8243; css=&#8221;.vc_custom_1490364209546{padding-bottom: 80px !important;}&#8221;][\/vc_column][vc_column width=&#8221;2\/3&#8243;][vc_column_text css=&#8221;.vc_custom_1524048387486{margin-bottom: 0px !important;border-bottom-width: 0px !important;padding-bottom: 10px !important;}&#8221;] N E O G R A F [\/vc_column_text][\/vc_column][vc_column width=&#8221;1\/6&#8243;][\/vc_column][\/vc_row][vc_row type=&#8221;vc_default&#8221; css=&#8221;.vc_custom_1526546930364{padding-top: 50px !important;padding-bottom: 20px !important;}&#8221;][vc_column css=&#8221;.vc_custom_1490364209546{padding-bottom: 80px !important;}&#8221;][\/vc_column][\/vc_row][vc_row bg_type=&#8221;bg_color&#8221; bg_override=&#8221;ex-full&#8221; type=&#8221;vc_default&#8221; margin_top=&#8221;-50&#8243; css=&#8221;.vc_custom_1553156144352{padding-top: 60px !important;padding-bottom: 20px !important;}&#8221; bg_color_value=&#8221;#09cedc&#8221;][vc_column width=&#8221;1\/2&#8243; css=&#8221;.vc_custom_1524478418263{padding-bottom: 50px !important;}&#8221;][\/vc_column][vc_column width=&#8221;1\/2&#8243;][vc_empty_space height=&#8221;20px&#8221;][\/vc_column][\/vc_row]<\/p>\n","protected":false},"author":1,"featured_media":0,"parent":0,"menu_order":0,"comment_status":"closed","ping_status":"closed","template":"template-microsite.php","meta":{"footnotes":""},"class_list":["post-1942","page","type-page","status-publish","hentry","description-off"],"yoast_head":"<!-- This site is optimized with the Yoast SEO plugin v26.0 - https:\/\/yoast.com\/wordpress\/plugins\/seo\/ -->\n<title>Proizvodi - Neograf<\/title>\n<meta name=\"description\" content=\"Na\u0161i proizvodi \u0161tite robu ili proizvode od vanjskih utjecaja, omogu\u0107avaju prakti\u010dnije rukovanje, privla\u010de pozornost kupaca te postaju sredstvom promocije.\" \/>\n<meta name=\"robots\" content=\"index, follow, max-snippet:-1, max-image-preview:large, max-video-preview:-1\" \/>\n<link rel=\"canonical\" href=\"https:\/\/neograf.hr\/proizvodi\/\" \/>\n<meta property=\"og:locale\" content=\"hr_HR\" \/>\n<meta property=\"og:type\" content=\"article\" \/>\n<meta property=\"og:title\" content=\"[:en]Our products[:hr]Proizvodi[:] - Neograf\" \/>\n<meta property=\"og:description\" content=\"Na\u0161i proizvodi \u0161tite robu ili proizvode od vanjskih utjecaja, omogu\u0107avaju prakti\u010dnije rukovanje, privla\u010de pozornost kupaca te postaju sredstvom promocije.\" \/>\n<meta property=\"og:url\" content=\"https:\/\/neograf.hr\/proizvodi\/\" \/>\n<meta property=\"og:site_name\" content=\"Neograf\" \/>\n<meta property=\"article:modified_time\" content=\"2019-03-26T09:28:46+00:00\" \/>\n<meta name=\"twitter:card\" content=\"summary_large_image\" \/>\n<meta name=\"twitter:label1\" content=\"Procijenjeno vrijeme \u010ditanja\" \/>\n\t<meta name=\"twitter:data1\" content=\"11 minuta\" \/>\n<script type=\"application\/ld+json\" class=\"yoast-schema-graph\">{\"@context\":\"https:\/\/schema.org\",\"@graph\":[{\"@type\":\"WebPage\",\"@id\":\"https:\/\/neograf.hr\/proizvodi\/\",\"url\":\"https:\/\/neograf.hr\/proizvodi\/\",\"name\":\"[:en]Our products[:hr]Proizvodi[:] - Neograf\",\"isPartOf\":{\"@id\":\"https:\/\/neograf.hr\/#website\"},\"datePublished\":\"2018-05-17T08:14:15+00:00\",\"dateModified\":\"2019-03-26T09:28:46+00:00\",\"description\":\"Na\u0161i proizvodi \u0161tite robu ili proizvode od vanjskih utjecaja, omogu\u0107avaju prakti\u010dnije rukovanje, privla\u010de pozornost kupaca te postaju sredstvom promocije.\",\"breadcrumb\":{\"@id\":\"https:\/\/neograf.hr\/proizvodi\/#breadcrumb\"},\"inLanguage\":\"hr\",\"potentialAction\":[{\"@type\":\"ReadAction\",\"target\":[\"https:\/\/neograf.hr\/proizvodi\/\"]}]},{\"@type\":\"BreadcrumbList\",\"@id\":\"https:\/\/neograf.hr\/proizvodi\/#breadcrumb\",\"itemListElement\":[{\"@type\":\"ListItem\",\"position\":1,\"name\":\"Home\",\"item\":\"https:\/\/neograf.hr\/\"},{\"@type\":\"ListItem\",\"position\":2,\"name\":\"Our products\"}]},{\"@type\":\"WebSite\",\"@id\":\"https:\/\/neograf.hr\/#website\",\"url\":\"https:\/\/neograf.hr\/\",\"name\":\"Neograf\",\"description\":\"Izrada kartonske ambala\u017ee\",\"potentialAction\":[{\"@type\":\"SearchAction\",\"target\":{\"@type\":\"EntryPoint\",\"urlTemplate\":\"https:\/\/neograf.hr\/?s={search_term_string}\"},\"query-input\":{\"@type\":\"PropertyValueSpecification\",\"valueRequired\":true,\"valueName\":\"search_term_string\"}}],\"inLanguage\":\"hr\"}]}<\/script>\n<!-- \/ Yoast SEO plugin. -->","yoast_head_json":{"title":"[:en]Our products[:hr]Proizvodi[:] - Neograf","description":"Na\u0161i proizvodi \u0161tite robu ili proizvode od vanjskih utjecaja, omogu\u0107avaju prakti\u010dnije rukovanje, privla\u010de pozornost kupaca te postaju sredstvom promocije.","robots":{"index":"index","follow":"follow","max-snippet":"max-snippet:-1","max-image-preview":"max-image-preview:large","max-video-preview":"max-video-preview:-1"},"canonical":"https:\/\/neograf.hr\/proizvodi\/","og_locale":"hr_HR","og_type":"article","og_title":"[:en]Our products[:hr]Proizvodi[:] - Neograf","og_description":"Na\u0161i proizvodi \u0161tite robu ili proizvode od vanjskih utjecaja, omogu\u0107avaju prakti\u010dnije rukovanje, privla\u010de pozornost kupaca te postaju sredstvom promocije.","og_url":"https:\/\/neograf.hr\/proizvodi\/","og_site_name":"Neograf","article_modified_time":"2019-03-26T09:28:46+00:00","twitter_card":"summary_large_image","twitter_misc":{"Procijenjeno vrijeme \u010ditanja":"11 minuta"},"schema":{"@context":"https:\/\/schema.org","@graph":[{"@type":"WebPage","@id":"https:\/\/neograf.hr\/proizvodi\/","url":"https:\/\/neograf.hr\/proizvodi\/","name":"[:en]Our products[:hr]Proizvodi[:] - Neograf","isPartOf":{"@id":"https:\/\/neograf.hr\/#website"},"datePublished":"2018-05-17T08:14:15+00:00","dateModified":"2019-03-26T09:28:46+00:00","description":"Na\u0161i proizvodi \u0161tite robu ili proizvode od vanjskih utjecaja, omogu\u0107avaju prakti\u010dnije rukovanje, privla\u010de pozornost kupaca te postaju sredstvom promocije.","breadcrumb":{"@id":"https:\/\/neograf.hr\/proizvodi\/#breadcrumb"},"inLanguage":"hr","potentialAction":[{"@type":"ReadAction","target":["https:\/\/neograf.hr\/proizvodi\/"]}]},{"@type":"BreadcrumbList","@id":"https:\/\/neograf.hr\/proizvodi\/#breadcrumb","itemListElement":[{"@type":"ListItem","position":1,"name":"Home","item":"https:\/\/neograf.hr\/"},{"@type":"ListItem","position":2,"name":"Our products"}]},{"@type":"WebSite","@id":"https:\/\/neograf.hr\/#website","url":"https:\/\/neograf.hr\/","name":"Neograf","description":"Izrada kartonske ambala\u017ee","potentialAction":[{"@type":"SearchAction","target":{"@type":"EntryPoint","urlTemplate":"https:\/\/neograf.hr\/?s={search_term_string}"},"query-input":{"@type":"PropertyValueSpecification","valueRequired":true,"valueName":"search_term_string"}}],"inLanguage":"hr"}]}},"_links":{"self":[{"href":"https:\/\/neograf.hr\/hr\/wp-json\/wp\/v2\/pages\/1942","targetHints":{"allow":["GET"]}}],"collection":[{"href":"https:\/\/neograf.hr\/hr\/wp-json\/wp\/v2\/pages"}],"about":[{"href":"https:\/\/neograf.hr\/hr\/wp-json\/wp\/v2\/types\/page"}],"author":[{"embeddable":true,"href":"https:\/\/neograf.hr\/hr\/wp-json\/wp\/v2\/users\/1"}],"replies":[{"embeddable":true,"href":"https:\/\/neograf.hr\/hr\/wp-json\/wp\/v2\/comments?post=1942"}],"version-history":[{"count":5,"href":"https:\/\/neograf.hr\/hr\/wp-json\/wp\/v2\/pages\/1942\/revisions"}],"predecessor-version":[{"id":2423,"href":"https:\/\/neograf.hr\/hr\/wp-json\/wp\/v2\/pages\/1942\/revisions\/2423"}],"wp:attachment":[{"href":"https:\/\/neograf.hr\/hr\/wp-json\/wp\/v2\/media?parent=1942"}],"curies":[{"name":"wp","href":"https:\/\/api.w.org\/{rel}","templated":true}]}}