{"id":2495,"date":"2021-06-30T11:21:20","date_gmt":"2021-06-30T11:21:20","guid":{"rendered":"https:\/\/neograf.hr\/?page_id=2495"},"modified":"2021-06-30T11:28:36","modified_gmt":"2021-06-30T11:28:36","slug":"news","status":"publish","type":"page","link":"https:\/\/neograf.hr\/hr\/news\/","title":{"rendered":"Novosti"},"content":{"rendered":"<div class=\"wpb-content-wrapper\"><p>[vc_row type=&#8221;vc_default&#8221; margin_top=&#8221;60&#8243; margin_bottom=&#8221;-40&#8243; css=&#8221;.vc_custom_1527080374404{padding-top: 70px !important;}&#8221;][vc_column css=&#8221;.vc_custom_1490364540235{padding-bottom: 80px !important;}&#8221;][vc_column_text css=&#8221;.vc_custom_1524048387486{margin-bottom: 0px !important;border-bottom-width: 0px !important;padding-bottom: 10px !important;}&#8221;]<\/p>\n<h2 style=\"text-align: center;\">N E O G R A F<\/h2>\n<p>[\/vc_column_text]<div id=\"ultimate-heading-490869e3109083342\" class=\"uvc-heading ult-adjust-bottom-margin ultimate-heading-490869e3109083342 uvc-5307 accent-border-color uvc-heading-default-font-sizes\" data-hspacer=\"no_spacer\"  data-halign=\"center\" style=\"text-align:center\"><div class=\"uvc-heading-spacer no_spacer\" style=\"top\"><\/div><div class=\"uvc-main-heading ult-responsive\"  data-ultimate-target='.uvc-heading.ultimate-heading-490869e3109083342 h1'  data-responsive-json-new='{\"font-size\":\"\",\"line-height\":\"\"}' ><h1 style=\"font-weight:bold;\">NOVOSTI<\/h1><\/div><\/div>[\/vc_column][\/vc_row][vc_row css=&#8221;.vc_custom_1625052484385{margin-bottom: 40px !important;padding-top: 20px !important;}&#8221;][vc_column css=&#8221;.vc_custom_1527080405981{margin-bottom: 30px !important;}&#8221;][vc_column_text css=&#8221;.vc_custom_1625051688243{margin-top: -40px !important;}&#8221;]<strong>29.03.2021<\/strong>. \u2013 Neograf je postao ponosan \u010dlan MSIN d.o.o. grupacije, to\u010dnije u vlasni\u0161tvu poduze\u0107a EGP d.o.o., lidera u proizvodnji sekundarne kartonske ambala\u017ee u regiji<\/p>\n<p><strong>05.04.2021.<\/strong> \u2013 Usvojen je MSIN Eti\u010dki kodeks koji sadr\u017ei zlatna pravila pona\u0161anja zaposlenika MSIN grupe. Kodeks mo\u017eete preuzeti <a href=\"https:\/\/neograf.hr\/wp-content\/uploads\/2021\/04\/MSIN_ETICNI_KODEKS_2017_CRO_za-internet.pdf\" target=\"_blank\" rel=\"noopener\">ovdje<\/a>.<\/p>\n<p><strong>29.06.2021.<\/strong> \u2013 Objavljujemo Op\u0107e uvjete prodaje Neograf d.o.o. koji se primjenjuju od 15.07.2021. Op\u0107e uvjete prodaje mo\u017eete preuzeti na <a href=\"https:\/\/neograf.hr\/wp-content\/uploads\/2021\/06\/GENERAL_SALES_TERMS_AND_CONDITIONS_of_-Neograf_HR_FINAL_CLEAN.pdf\" target=\"_blank\" rel=\"noopener\">ovdje<\/a>.[\/vc_column_text][\/vc_column][\/vc_row]<\/p>\n<\/div>","protected":false},"excerpt":{"rendered":"<p>[vc_row type=&#8221;vc_default&#8221; margin_top=&#8221;60&#8243; margin_bottom=&#8221;-40&#8243; css=&#8221;.vc_custom_1527080374404{padding-top: 70px !important;}&#8221;][vc_column css=&#8221;.vc_custom_1490364540235{padding-bottom: 80px !important;}&#8221;][vc_column_text css=&#8221;.vc_custom_1524048387486{margin-bottom: 0px !important;border-bottom-width: 0px !important;padding-bottom: 10px !important;}&#8221;] N E O G R A F [\/vc_column_text][\/vc_column][\/vc_row][vc_row css=&#8221;.vc_custom_1625052484385{margin-bottom: 40px !important;padding-top: 20px !important;}&#8221;][vc_column css=&#8221;.vc_custom_1527080405981{margin-bottom: 30px !important;}&#8221;][vc_column_text css=&#8221;.vc_custom_1625051688243{margin-top: -40px !important;}&#8221;]29.03.2021. \u2013 Neograf je postao ponosan \u010dlan MSIN d.o.o. grupacije, to\u010dnije u vlasni\u0161tvu poduze\u0107a EGP d.o.o., lidera u proizvodnji sekundarne&hellip;<\/p>\n","protected":false},"author":1,"featured_media":0,"parent":0,"menu_order":0,"comment_status":"closed","ping_status":"closed","template":"template-microsite.php","meta":{"footnotes":""},"class_list":["post-2495","page","type-page","status-publish","hentry","description-off"],"yoast_head":"<!-- This site is optimized with the Yoast SEO plugin v26.0 - https:\/\/yoast.com\/wordpress\/plugins\/seo\/ -->\n<title>Novosti - Neograf<\/title>\n<meta name=\"description\" content=\"U svim proizvodnim fazama koristimo vrhunske, provjerene strojeve, kao i opremu za procesnu kontrolu. Konstantno ula\u017eemo u nova znanja i tehnologije iz podru\u010dja osiguranja i kontrole kvalitete, tiska i dorade.\" \/>\n<meta name=\"robots\" content=\"index, follow, max-snippet:-1, max-image-preview:large, max-video-preview:-1\" \/>\n<link rel=\"canonical\" href=\"https:\/\/neograf.hr\/hr\/news\/\" \/>\n<meta property=\"og:locale\" content=\"hr_HR\" \/>\n<meta property=\"og:type\" content=\"article\" \/>\n<meta property=\"og:title\" content=\"[:en]News[:hr]Novosti[:] - Neograf\" \/>\n<meta property=\"og:description\" content=\"U svim proizvodnim fazama koristimo vrhunske, provjerene strojeve, kao i opremu za procesnu kontrolu. Konstantno ula\u017eemo u nova znanja i tehnologije iz podru\u010dja osiguranja i kontrole kvalitete, tiska i dorade.\" \/>\n<meta property=\"og:url\" content=\"https:\/\/neograf.hr\/hr\/news\/\" \/>\n<meta property=\"og:site_name\" content=\"Neograf\" \/>\n<meta property=\"article:modified_time\" content=\"2021-06-30T11:28:36+00:00\" \/>\n<meta name=\"twitter:card\" content=\"summary_large_image\" \/>\n<meta name=\"twitter:label1\" content=\"Procijenjeno vrijeme \u010ditanja\" \/>\n\t<meta name=\"twitter:data1\" content=\"1 minuta\" \/>\n<script type=\"application\/ld+json\" class=\"yoast-schema-graph\">{\"@context\":\"https:\/\/schema.org\",\"@graph\":[{\"@type\":\"WebPage\",\"@id\":\"https:\/\/neograf.hr\/hr\/news\/\",\"url\":\"https:\/\/neograf.hr\/hr\/news\/\",\"name\":\"[:en]News[:hr]Novosti[:] - Neograf\",\"isPartOf\":{\"@id\":\"https:\/\/neograf.hr\/#website\"},\"datePublished\":\"2021-06-30T11:21:20+00:00\",\"dateModified\":\"2021-06-30T11:28:36+00:00\",\"description\":\"U svim proizvodnim fazama koristimo vrhunske, provjerene strojeve, kao i opremu za procesnu kontrolu. Konstantno ula\u017eemo u nova znanja i tehnologije iz podru\u010dja osiguranja i kontrole kvalitete, tiska i dorade.\",\"breadcrumb\":{\"@id\":\"https:\/\/neograf.hr\/hr\/news\/#breadcrumb\"},\"inLanguage\":\"hr\",\"potentialAction\":[{\"@type\":\"ReadAction\",\"target\":[\"https:\/\/neograf.hr\/hr\/news\/\"]}]},{\"@type\":\"BreadcrumbList\",\"@id\":\"https:\/\/neograf.hr\/hr\/news\/#breadcrumb\",\"itemListElement\":[{\"@type\":\"ListItem\",\"position\":1,\"name\":\"Home\",\"item\":\"https:\/\/neograf.hr\/\"},{\"@type\":\"ListItem\",\"position\":2,\"name\":\"Novosti\"}]},{\"@type\":\"WebSite\",\"@id\":\"https:\/\/neograf.hr\/#website\",\"url\":\"https:\/\/neograf.hr\/\",\"name\":\"Neograf\",\"description\":\"Izrada kartonske ambala\u017ee\",\"potentialAction\":[{\"@type\":\"SearchAction\",\"target\":{\"@type\":\"EntryPoint\",\"urlTemplate\":\"https:\/\/neograf.hr\/?s={search_term_string}\"},\"query-input\":{\"@type\":\"PropertyValueSpecification\",\"valueRequired\":true,\"valueName\":\"search_term_string\"}}],\"inLanguage\":\"hr\"}]}<\/script>\n<!-- \/ Yoast SEO plugin. -->","yoast_head_json":{"title":"[:en]News[:hr]Novosti[:] - Neograf","description":"U svim proizvodnim fazama koristimo vrhunske, provjerene strojeve, kao i opremu za procesnu kontrolu. Konstantno ula\u017eemo u nova znanja i tehnologije iz podru\u010dja osiguranja i kontrole kvalitete, tiska i dorade.","robots":{"index":"index","follow":"follow","max-snippet":"max-snippet:-1","max-image-preview":"max-image-preview:large","max-video-preview":"max-video-preview:-1"},"canonical":"https:\/\/neograf.hr\/hr\/news\/","og_locale":"hr_HR","og_type":"article","og_title":"[:en]News[:hr]Novosti[:] - Neograf","og_description":"U svim proizvodnim fazama koristimo vrhunske, provjerene strojeve, kao i opremu za procesnu kontrolu. Konstantno ula\u017eemo u nova znanja i tehnologije iz podru\u010dja osiguranja i kontrole kvalitete, tiska i dorade.","og_url":"https:\/\/neograf.hr\/hr\/news\/","og_site_name":"Neograf","article_modified_time":"2021-06-30T11:28:36+00:00","twitter_card":"summary_large_image","twitter_misc":{"Procijenjeno vrijeme \u010ditanja":"1 minuta"},"schema":{"@context":"https:\/\/schema.org","@graph":[{"@type":"WebPage","@id":"https:\/\/neograf.hr\/hr\/news\/","url":"https:\/\/neograf.hr\/hr\/news\/","name":"[:en]News[:hr]Novosti[:] - Neograf","isPartOf":{"@id":"https:\/\/neograf.hr\/#website"},"datePublished":"2021-06-30T11:21:20+00:00","dateModified":"2021-06-30T11:28:36+00:00","description":"U svim proizvodnim fazama koristimo vrhunske, provjerene strojeve, kao i opremu za procesnu kontrolu. Konstantno ula\u017eemo u nova znanja i tehnologije iz podru\u010dja osiguranja i kontrole kvalitete, tiska i dorade.","breadcrumb":{"@id":"https:\/\/neograf.hr\/hr\/news\/#breadcrumb"},"inLanguage":"hr","potentialAction":[{"@type":"ReadAction","target":["https:\/\/neograf.hr\/hr\/news\/"]}]},{"@type":"BreadcrumbList","@id":"https:\/\/neograf.hr\/hr\/news\/#breadcrumb","itemListElement":[{"@type":"ListItem","position":1,"name":"Home","item":"https:\/\/neograf.hr\/"},{"@type":"ListItem","position":2,"name":"Novosti"}]},{"@type":"WebSite","@id":"https:\/\/neograf.hr\/#website","url":"https:\/\/neograf.hr\/","name":"Neograf","description":"Izrada kartonske ambala\u017ee","potentialAction":[{"@type":"SearchAction","target":{"@type":"EntryPoint","urlTemplate":"https:\/\/neograf.hr\/?s={search_term_string}"},"query-input":{"@type":"PropertyValueSpecification","valueRequired":true,"valueName":"search_term_string"}}],"inLanguage":"hr"}]}},"_links":{"self":[{"href":"https:\/\/neograf.hr\/hr\/wp-json\/wp\/v2\/pages\/2495","targetHints":{"allow":["GET"]}}],"collection":[{"href":"https:\/\/neograf.hr\/hr\/wp-json\/wp\/v2\/pages"}],"about":[{"href":"https:\/\/neograf.hr\/hr\/wp-json\/wp\/v2\/types\/page"}],"author":[{"embeddable":true,"href":"https:\/\/neograf.hr\/hr\/wp-json\/wp\/v2\/users\/1"}],"replies":[{"embeddable":true,"href":"https:\/\/neograf.hr\/hr\/wp-json\/wp\/v2\/comments?post=2495"}],"version-history":[{"count":5,"href":"https:\/\/neograf.hr\/hr\/wp-json\/wp\/v2\/pages\/2495\/revisions"}],"predecessor-version":[{"id":2508,"href":"https:\/\/neograf.hr\/hr\/wp-json\/wp\/v2\/pages\/2495\/revisions\/2508"}],"wp:attachment":[{"href":"https:\/\/neograf.hr\/hr\/wp-json\/wp\/v2\/media?parent=2495"}],"curies":[{"name":"wp","href":"https:\/\/api.w.org\/{rel}","templated":true}]}}